{"id":4666,"date":"2021-01-21T09:39:26","date_gmt":"2021-01-21T08:39:26","guid":{"rendered":"https:\/\/envican.com\/envican\/"},"modified":"2025-03-13T11:39:56","modified_gmt":"2025-03-13T10:39:56","slug":"envican","status":"publish","type":"page","link":"https:\/\/envican.com\/en\/envican\/","title":{"rendered":"ENVICAN"},"content":{"rendered":"<style type=\"text\/css\"> \n#cmsms_row_69f37b794f154 .cmsms_row_outer_parent { \n\tpadding-top: 50px; \n} \n\n#cmsms_row_69f37b794f154 .cmsms_row_outer_parent { \n\tpadding-bottom: 0px; \n} \n\n \n#cmsms_heading_69f37b795093d, #cmsms_heading_69f37b795093d a { \n\tfont-size:32px; \n\ttext-align:left; \n\tfont-weight:400; \n\tfont-style:normal; \n\tmargin-top:0px; \n\tmargin-bottom:20px; \n} \n\n#cmsms_button_69f37b7950a03 { \n\ttext-align:center; \n} \n\n#cmsms_button_69f37b7950a03 .cmsms_button:before { \n\tmargin-right:.5em; \n\tmargin-left:0; \n\tvertical-align:baseline; \n} \n\n#cmsms_button_69f37b7950a03 .cmsms_button { \n\tfont-weight:400; \n\tfont-style:normal; \n\tbackground-color:#004225; \n\tcolor:#ffffff; \n} \n#cmsms_button_69f37b7950a03 .cmsms_button:hover { \n} \n \n#cmsms_row_69f37b7950a76 { \n\tbackground-color: #ffffff; \n} \n\n#cmsms_row_69f37b7950a76 .cmsms_row_outer_parent { \n\tpadding-top: 0px; \n} \n\n#cmsms_row_69f37b7950a76 .cmsms_row_outer_parent { \n\tpadding-bottom: 0px; \n} \n\n \n#cmsms_divider_69f37b7950bf2 { \n\tpadding-top:50px; \n\tmargin-bottom:50px; \n} \n \n#cmsms_row_69f37b7950c42 { \n\tbackground-color: #eaeaea; \n} \n\n#cmsms_row_69f37b7950c42 .cmsms_row_outer_parent { \n\tpadding-top: 0px; \n} \n\n#cmsms_row_69f37b7950c42 .cmsms_row_outer_parent { \n\tpadding-bottom: 50px; \n} \n\n \n#cmsms_divider_69f37b7950dfe { \n\tpadding-top:50px; \n\tmargin-bottom:50px; \n} \n \n#cmsms_divider_69f37b795130a { \n\tpadding-top:50px; \n\tmargin-bottom:50px; \n} \n \n#cmsms_heading_69f37b7951344, #cmsms_heading_69f37b7951344 a { \n\tfont-weight:400; \n\tfont-style:normal; \n\tmargin-top:0px; \n\tmargin-bottom:20px; \n} \n \n#cmsms_row_69f37b7951447 .cmsms_row_outer_parent { \n\tpadding-top: 0px; \n} \n\n#cmsms_row_69f37b7951447 .cmsms_row_outer_parent { \n\tpadding-bottom: 50px; \n} \n\n \n#cmsms_divider_69f37b7951578 { \n\tpadding-top:50px; \n\tmargin-bottom:50px; \n} \n \n#cmsms_heading_69f37b79515ac, #cmsms_heading_69f37b79515ac a { \n\tfont-weight:400; \n\tfont-style:normal; \n\tmargin-top:0px; \n\tmargin-bottom:20px; \n} \n \n#cmsms_divider_69f37b79516d9 { \n\tpadding-top:50px; \n\tmargin-bottom:50px; \n} \n \n#cmsms_row_69f37b7951a0e { \n\tbackground-color: #eaeaea; \n} \n\n#cmsms_row_69f37b7951a0e .cmsms_row_outer_parent { \n\tpadding-top: 0px; \n} \n\n#cmsms_row_69f37b7951a0e .cmsms_row_outer_parent { \n\tpadding-bottom: 50px; \n} \n\n \n#cmsms_divider_69f37b7951aef { \n\tpadding-top:50px; \n\tmargin-bottom:50px; \n} \n \n#cmsms_divider_69f37b7951ee1 { \n\tpadding-top:50px; \n\tmargin-bottom:50px; \n} \n \n#cmsms_heading_69f37b7951f15, #cmsms_heading_69f37b7951f15 a { \n\tfont-weight:400; \n\tfont-style:normal; \n\tmargin-top:0px; \n\tmargin-bottom:20px; \n} \n \n#cmsms_row_69f37b7951fee { \n\tbackground-image: url(https:\/\/envican.com\/wp-content\/uploads\/2021\/09\/1900x500-03-bg.jpg); \n\tbackground-position: bottom center; \n\tbackground-repeat: no-repeat; \n\tbackground-attachment: fixed; \n\tbackground-size: contain; \n} \n\n#cmsms_row_69f37b7951fee .cmsms_row_outer_parent { \n\tpadding-top: 50px; \n} \n\n#cmsms_row_69f37b7951fee .cmsms_row_outer_parent { \n\tpadding-bottom: 50px; \n} \n\n \n#cmsms_divider_69f37b79524e0 { \n\tpadding-top:50px; \n\tmargin-bottom:40px; \n} \n<\/style><div id=\"cmsms_row_69f37b794f154\" class=\"cmsms_row cmsms_color_scheme_default\">\n<div class=\"cmsms_row_outer_parent\">\n<div class=\"cmsms_row_outer\">\n<div class=\"cmsms_row_inner\">\n<div class=\"cmsms_row_margin\">\n<div class=\"cmsms_column one_half\">\n<div class=\"content_slider_wrap\" style=\"max-width:px;\">\n<script type=\"text\/javascript\">jQuery(document).ready(function () { jQuery(\"#cmsms_slider_69f37b794f329.content_slider\").owlCarousel( { singleItem : true, transitionStyle: \"fade\", rewindSpeed : 1000, slideSpeed : 600, autoHeight : true, paginationSpeed : \t600, autoPlay : 4000,stopOnHover: true, pagination: false, navigationText : \t[ \"<span class=\\\"cmsms_prev_arrow\\\"><\/span>\", \"<span class=\\\"cmsms_next_arrow\\\"><\/span>\" ] } );} );<\/script>\n<div id=\"cmsms_slider_69f37b794f329\" class=\"content_slider owl-carousel\">\n<div class=\"item\"><img fetchpriority=\"high\" decoding=\"async\" width=\"400\" height=\"400\" src=\"https:\/\/envican.com\/wp-content\/uploads\/2024\/05\/envican-kartondose-eis.jpg\" class=\"attachment-full size-full\" alt=\"\" srcset=\"https:\/\/envican.com\/wp-content\/uploads\/2024\/05\/envican-kartondose-eis.jpg 400w, https:\/\/envican.com\/wp-content\/uploads\/2024\/05\/envican-kartondose-eis-300x300.jpg 300w, https:\/\/envican.com\/wp-content\/uploads\/2024\/05\/envican-kartondose-eis-150x150.jpg 150w, https:\/\/envican.com\/wp-content\/uploads\/2024\/05\/envican-kartondose-eis-55x55.jpg 55w, https:\/\/envican.com\/wp-content\/uploads\/2024\/05\/envican-kartondose-eis-250x250.jpg 250w\" sizes=\"(max-width: 400px) 100vw, 400px\" \/><\/div><div class=\"item\"><img decoding=\"async\" width=\"500\" height=\"500\" src=\"https:\/\/envican.com\/wp-content\/uploads\/2024\/05\/WOMAN-500.jpg\" class=\"attachment-full size-full\" alt=\"\" srcset=\"https:\/\/envican.com\/wp-content\/uploads\/2024\/05\/WOMAN-500.jpg 500w, https:\/\/envican.com\/wp-content\/uploads\/2024\/05\/WOMAN-500-300x300.jpg 300w, https:\/\/envican.com\/wp-content\/uploads\/2024\/05\/WOMAN-500-150x150.jpg 150w, https:\/\/envican.com\/wp-content\/uploads\/2024\/05\/WOMAN-500-55x55.jpg 55w, https:\/\/envican.com\/wp-content\/uploads\/2024\/05\/WOMAN-500-250x250.jpg 250w\" sizes=\"(max-width: 500px) 100vw, 500px\" \/><\/div><div class=\"item\"><img decoding=\"async\" width=\"500\" height=\"500\" src=\"https:\/\/envican.com\/wp-content\/uploads\/2024\/05\/MAN-500.jpg\" class=\"attachment-full size-full\" alt=\"\" srcset=\"https:\/\/envican.com\/wp-content\/uploads\/2024\/05\/MAN-500.jpg 500w, https:\/\/envican.com\/wp-content\/uploads\/2024\/05\/MAN-500-300x300.jpg 300w, https:\/\/envican.com\/wp-content\/uploads\/2024\/05\/MAN-500-150x150.jpg 150w, https:\/\/envican.com\/wp-content\/uploads\/2024\/05\/MAN-500-55x55.jpg 55w, https:\/\/envican.com\/wp-content\/uploads\/2024\/05\/MAN-500-250x250.jpg 250w\" sizes=\"(max-width: 500px) 100vw, 500px\" \/><\/div><div class=\"item\"><img loading=\"lazy\" decoding=\"async\" width=\"500\" height=\"500\" src=\"https:\/\/envican.com\/wp-content\/uploads\/2024\/05\/dose-holz-500.jpg\" class=\"attachment-full size-full\" alt=\"\" srcset=\"https:\/\/envican.com\/wp-content\/uploads\/2024\/05\/dose-holz-500.jpg 500w, https:\/\/envican.com\/wp-content\/uploads\/2024\/05\/dose-holz-500-300x300.jpg 300w, https:\/\/envican.com\/wp-content\/uploads\/2024\/05\/dose-holz-500-150x150.jpg 150w, https:\/\/envican.com\/wp-content\/uploads\/2024\/05\/dose-holz-500-55x55.jpg 55w, https:\/\/envican.com\/wp-content\/uploads\/2024\/05\/dose-holz-500-250x250.jpg 250w\" sizes=\"(max-width: 500px) 100vw, 500px\" \/><\/div><div class=\"item\"><img loading=\"lazy\" decoding=\"async\" width=\"500\" height=\"500\" src=\"https:\/\/envican.com\/wp-content\/uploads\/2024\/05\/2-dose-500.jpg\" class=\"attachment-full size-full\" alt=\"\" srcset=\"https:\/\/envican.com\/wp-content\/uploads\/2024\/05\/2-dose-500.jpg 500w, https:\/\/envican.com\/wp-content\/uploads\/2024\/05\/2-dose-500-300x300.jpg 300w, https:\/\/envican.com\/wp-content\/uploads\/2024\/05\/2-dose-500-150x150.jpg 150w, https:\/\/envican.com\/wp-content\/uploads\/2024\/05\/2-dose-500-55x55.jpg 55w, https:\/\/envican.com\/wp-content\/uploads\/2024\/05\/2-dose-500-250x250.jpg 250w\" sizes=\"(max-width: 500px) 100vw, 500px\" \/><\/div><\/div>\n<\/div>\n<\/div>\n<div class=\"cmsms_column one_half\">\n<h1 id=\"cmsms_heading_69f37b795093d\" class=\"cmsms_heading\">Who we are<\/h1><div class=\"cmsms_text\">\n<h2>We consider ourselves guest on vulnerable planet earth and feel responsible for our impact.<\/h2>\n<h4>Nowadays most carbonated drinks are sold in aluminum cans or plastic bottles. The reputation of plastic has already generally decreased over time however, substituting it for aluminum instead is also not a sustainable solution. Two of the reasons are its high CO2 footprint and the negative effect of bauxite mining.<br \/>\nThis is where ENVICAN \u00ae comes to play with its registered trademark! To reduce the usage of aluminum for beverage cans by a large portion we have taken it onto ourselves to present a new and sustainable carton can solution for the beverage industry.<\/h4>\n<h4><strong>Our passion for change, our network in research and development, our willingness and our capabilities have helped us create something new and innovative.<\/strong><\/h4>\n<\/div>\n\n<div id=\"cmsms_button_69f37b7950a03\" class=\"button_wrap\"><a href=\"https:\/\/envican.com\/en\/contact\/\" class=\"cmsms_button\">Request<\/a><\/div>\n<\/div>\n<\/div>\n<\/div>\n<\/div>\n<\/div>\n<\/div>\n<div id=\"cmsms_row_69f37b7950a76\" class=\"cmsms_row cmsms_color_scheme_default\">\n<div class=\"cmsms_row_outer_parent\">\n<div class=\"cmsms_row_outer\">\n<div class=\"cmsms_row_inner\">\n<div class=\"cmsms_row_margin\">\n<div class=\"cmsms_column one_first\">\n<div id=\"cmsms_divider_69f37b7950bf2\" class=\"cl\"><\/div>\n<\/div>\n<\/div>\n<\/div>\n<\/div>\n<\/div>\n<\/div>\n<div id=\"cmsms_row_69f37b7950c42\" class=\"cmsms_row cmsms_color_scheme_default\">\n<div class=\"cmsms_row_outer_parent\">\n<div class=\"cmsms_row_outer\">\n<div class=\"cmsms_row_inner\">\n<div class=\"cmsms_row_margin\">\n<div class=\"cmsms_column one_half\" data-animation=\"bounceIn\">\n<div id=\"cmsms_divider_69f37b7950dfe\" class=\"cl\"><\/div>\n<div class=\"cmsms_img  cmsms_image_n\">\n<img decoding=\"async\" src=\"https:\/\/envican.com\/wp-content\/uploads\/2021\/09\/werte.jpg\" \/>\n<\/div>\n<\/div>\n<div class=\"cmsms_column one_half\">\n<div id=\"cmsms_divider_69f37b795130a\" class=\"cl\"><\/div>\n<h1 id=\"cmsms_heading_69f37b7951344\" class=\"cmsms_heading\">Values<\/h1><div class=\"cmsms_text\">\n<h2><span style=\"color: #000000;\">We as a team<\/span><\/h2>\n<h3><span style=\"color: #000000;\"><strong><img loading=\"lazy\" decoding=\"async\" class=\"wp-image-4579 alignleft\" src=\"https:\/\/envican.com\/wp-content\/uploads\/2021\/09\/envican-logo-nur-farn.png\" alt=\"\" width=\"22\" height=\"23\" \/><\/strong>focus on our customers and quality<br \/>\n<\/span><\/h3>\n<h3><span style=\"color: #000000;\"><img loading=\"lazy\" decoding=\"async\" class=\"wp-image-4579 alignleft\" src=\"https:\/\/envican.com\/wp-content\/uploads\/2021\/09\/envican-logo-nur-farn.png\" alt=\"\" width=\"23\" height=\"22\" \/><\/span><\/h3>\n<h3><span style=\"color: #000000;\">act with integrity and transparency<\/span><\/h3>\n<h3><span style=\"color: #000000;\"><img loading=\"lazy\" decoding=\"async\" class=\"wp-image-4579 alignleft\" src=\"https:\/\/envican.com\/wp-content\/uploads\/2021\/09\/envican-logo-nur-farn.png\" alt=\"\" width=\"23\" height=\"22\" \/><\/span><\/h3>\n<h3><span style=\"color: #000000;\">are agile, mindful and proactive<\/span><\/h3>\n<h3><span style=\"color: #000000;\"><img loading=\"lazy\" decoding=\"async\" class=\"wp-image-4579 alignleft\" src=\"https:\/\/envican.com\/wp-content\/uploads\/2021\/09\/envican-logo-nur-farn.png\" alt=\"\" width=\"23\" height=\"22\" \/><\/span><\/h3>\n<h3><span style=\"color: #000000;\">deliver as promised and take accountability<\/span><\/h3>\n<h3><span style=\"color: #000000;\"><img loading=\"lazy\" decoding=\"async\" class=\"wp-image-4579 alignleft\" src=\"https:\/\/envican.com\/wp-content\/uploads\/2021\/09\/envican-logo-nur-farn.png\" alt=\"\" width=\"23\" height=\"22\" \/><\/span><\/h3>\n<h3><span style=\"color: #000000;\">strive for operational excellence<\/span><\/h3>\n<h3><span style=\"color: #000000;\"><img loading=\"lazy\" decoding=\"async\" class=\"wp-image-4579 alignleft\" src=\"https:\/\/envican.com\/wp-content\/uploads\/2021\/09\/envican-logo-nur-farn.png\" alt=\"\" width=\"23\" height=\"22\" \/><\/span><\/h3>\n<h3><span style=\"color: #000000;\">stand for sustainability<\/span><\/h3>\n<h2><strong>\u00a0<\/strong><\/h2>\n<h2><\/h2>\n<\/div>\n<\/div>\n<\/div>\n<\/div>\n<\/div>\n<\/div>\n<\/div>\n<div id=\"cmsms_row_69f37b7951447\" class=\"cmsms_row cmsms_color_scheme_default\">\n<div class=\"cmsms_row_outer_parent\">\n<div class=\"cmsms_row_outer\">\n<div class=\"cmsms_row_inner\">\n<div class=\"cmsms_row_margin\">\n<div class=\"cmsms_column one_half\">\n<div id=\"cmsms_divider_69f37b7951578\" class=\"cl\"><\/div>\n<h1 id=\"cmsms_heading_69f37b79515ac\" class=\"cmsms_heading\">Mission<\/h1><div class=\"cmsms_text\">\n<h3><span style=\"color: #000000;\"><strong><img loading=\"lazy\" decoding=\"async\" class=\"wp-image-4579 alignleft\" src=\"https:\/\/envican.com\/wp-content\/uploads\/2021\/09\/envican-logo-nur-farn.png\" alt=\"\" width=\"22\" height=\"23\" \/><\/strong>Caring for the environment<br \/>\n<\/span><\/h3>\n<h3><span style=\"color: #000000;\"><img loading=\"lazy\" decoding=\"async\" class=\"wp-image-4579 alignleft\" src=\"https:\/\/envican.com\/wp-content\/uploads\/2021\/09\/envican-logo-nur-farn.png\" alt=\"\" width=\"23\" height=\"22\" \/><\/span><\/h3>\n<h3><span style=\"color: #000000;\">We consider ourselves guests on vulnerable planet earth and feel responsible for our impact<\/span><\/h3>\n<h3><span style=\"color: #000000;\"><img loading=\"lazy\" decoding=\"async\" class=\"wp-image-4579 alignleft\" src=\"https:\/\/envican.com\/wp-content\/uploads\/2021\/09\/envican-logo-nur-farn.png\" alt=\"\" width=\"23\" height=\"22\" \/><\/span><\/h3>\n<h3><span style=\"color: #000000;\">We strongly believe in modern green technology to find new ways of doing business \u2013 both environmentally friendly and efficient!<br \/>\n<\/span><\/h3>\n<h3><span style=\"color: #000000;\"><img loading=\"lazy\" decoding=\"async\" class=\"wp-image-4579 alignleft\" src=\"https:\/\/envican.com\/wp-content\/uploads\/2021\/09\/envican-logo-nur-farn.png\" alt=\"\" width=\"23\" height=\"22\" \/><\/span><\/h3>\n<h3><span style=\"color: #000000;\">Let\u2019s act together\u2026now!<\/span><\/h3>\n<h3><\/h3>\n<h2><strong>\u00a0<\/strong><\/h2>\n<h2><\/h2>\n<\/div>\n<\/div>\n<div class=\"cmsms_column one_half\" data-animation=\"bounceIn\">\n<div id=\"cmsms_divider_69f37b79516d9\" class=\"cl\"><\/div>\n<div class=\"cmsms_img  cmsms_image_n\">\n<img decoding=\"async\" src=\"https:\/\/envican.com\/wp-content\/uploads\/2021\/09\/mission.jpg\" \/>\n<\/div>\n<\/div>\n<\/div>\n<\/div>\n<\/div>\n<\/div>\n<\/div>\n<div id=\"cmsms_row_69f37b7951a0e\" class=\"cmsms_row cmsms_color_scheme_default\">\n<div class=\"cmsms_row_outer_parent\">\n<div class=\"cmsms_row_outer\">\n<div class=\"cmsms_row_inner\">\n<div class=\"cmsms_row_margin\">\n<div class=\"cmsms_column one_half\" data-animation=\"bounceIn\">\n<div id=\"cmsms_divider_69f37b7951aef\" class=\"cl\"><\/div>\n<div class=\"cmsms_img  cmsms_image_n\">\n<img decoding=\"async\" src=\"https:\/\/envican.com\/wp-content\/uploads\/2021\/09\/vision.jpg\" \/>\n<\/div>\n<\/div>\n<div class=\"cmsms_column one_half\">\n<div id=\"cmsms_divider_69f37b7951ee1\" class=\"cl\"><\/div>\n<h1 id=\"cmsms_heading_69f37b7951f15\" class=\"cmsms_heading\">Vision<\/h1><div class=\"cmsms_text\">\n<h3><span style=\"color: #000000;\"><strong><img loading=\"lazy\" decoding=\"async\" class=\"wp-image-4579 alignleft\" src=\"https:\/\/envican.com\/wp-content\/uploads\/2021\/09\/envican-logo-nur-farn.png\" alt=\"\" width=\"22\" height=\"23\" \/><\/strong>Green technology for packaging<br \/>\n<\/span><\/h3>\n<h3><span style=\"color: #000000;\"><img loading=\"lazy\" decoding=\"async\" class=\"wp-image-4579 alignleft\" src=\"https:\/\/envican.com\/wp-content\/uploads\/2021\/09\/envican-logo-nur-farn.png\" alt=\"\" width=\"23\" height=\"22\" \/><\/span><\/h3>\n<h3><span style=\"color: #000000;\">We develop modern green technology for future-proof packaging<\/span><\/h3>\n<h3><span style=\"color: #000000;\"><img loading=\"lazy\" decoding=\"async\" class=\"wp-image-4579 alignleft\" src=\"https:\/\/envican.com\/wp-content\/uploads\/2021\/09\/envican-logo-nur-farn.png\" alt=\"\" width=\"23\" height=\"22\" \/><\/span><\/h3>\n<h3><span style=\"color: #000000;\">Our target is to provide both environmentally friendly and cost-efficient packaging solutions<\/span><\/h3>\n<h3><span style=\"color: #000000;\"><img loading=\"lazy\" decoding=\"async\" class=\"wp-image-4579 alignleft\" src=\"https:\/\/envican.com\/wp-content\/uploads\/2021\/09\/envican-logo-nur-farn.png\" alt=\"\" width=\"23\" height=\"22\" \/><\/span><\/h3>\n<h3><span style=\"color: #000000;\">We enable both our customers and their consumers to actively contribute to the reduction of global carbon emissions by making the right packaging choice<\/span><\/h3>\n<h3><\/h3>\n<h2><strong>\u00a0<\/strong><\/h2>\n<h2><\/h2>\n<\/div>\n<\/div>\n<\/div>\n<\/div>\n<\/div>\n<\/div>\n<\/div>\n<div id=\"cmsms_row_69f37b7951fee\" class=\"cmsms_row cmsms_color_scheme_default\">\n<div class=\"cmsms_row_outer_parent\">\n<div class=\"cmsms_row_outer\">\n<div class=\"cmsms_row_inner\">\n<div class=\"cmsms_row_margin\">\n<div class=\"cmsms_column one_first\">\n<div id=\"cmsms_divider_69f37b79524e0\" class=\"cl\"><\/div>\n<div class=\"cmsms_text\">\n<h2><strong><span style=\"color: #ffffff;\">\u201cOur network in research and development,<br \/>\nour willingness and our capabilities have helped us<br \/>\ncreate something new and innovative.\u201d<\/span><\/strong><\/h2>\n<p><span style=\"color: #ffffff;\">Dr. Christoph Schoenig, CEO<\/span><\/p>\n<\/div>\n<\/div>\n<\/div>\n<\/div>\n<\/div>\n<\/div>\n<\/div>\n\n","protected":false},"excerpt":{"rendered":"","protected":false},"author":2,"featured_media":0,"parent":0,"menu_order":0,"comment_status":"closed","ping_status":"closed","template":"","meta":{"_acf_changed":false,"footnotes":""},"class_list":["post-4666","page","type-page","status-publish","hentry"],"acf":[],"yoast_head":"<!-- This site is optimized with the Yoast SEO plugin v27.5 - https:\/\/yoast.com\/product\/yoast-seo-wordpress\/ -->\n<title>ENVICAN - Envican Kartondosen Cardboard beverage cans<\/title>\n<meta name=\"robots\" content=\"index, follow, max-snippet:-1, max-image-preview:large, max-video-preview:-1\" \/>\n<link rel=\"canonical\" href=\"https:\/\/envican.com\/en\/envican\/\" \/>\n<meta property=\"og:locale\" content=\"en_US\" \/>\n<meta property=\"og:type\" content=\"article\" \/>\n<meta property=\"og:title\" content=\"ENVICAN - Envican Kartondosen Cardboard beverage cans\" \/>\n<meta property=\"og:url\" content=\"https:\/\/envican.com\/en\/envican\/\" \/>\n<meta property=\"og:site_name\" content=\"Envican Kartondosen Cardboard beverage cans\" \/>\n<meta property=\"article:modified_time\" content=\"2025-03-13T10:39:56+00:00\" \/>\n<meta property=\"og:image\" content=\"https:\/\/envican.com\/wp-content\/uploads\/2021\/09\/envican-logo-nur-farn.png\" \/>\n<meta name=\"twitter:card\" content=\"summary_large_image\" \/>\n<meta name=\"twitter:label1\" content=\"Est. reading time\" \/>\n\t<meta name=\"twitter:data1\" content=\"6 minutes\" \/>\n<script type=\"application\/ld+json\" class=\"yoast-schema-graph\">{\"@context\":\"https:\\\/\\\/schema.org\",\"@graph\":[{\"@type\":\"WebPage\",\"@id\":\"https:\\\/\\\/envican.com\\\/en\\\/envican\\\/\",\"url\":\"https:\\\/\\\/envican.com\\\/en\\\/envican\\\/\",\"name\":\"ENVICAN - Envican Kartondosen Cardboard beverage cans\",\"isPartOf\":{\"@id\":\"https:\\\/\\\/envican.com\\\/en\\\/#website\"},\"primaryImageOfPage\":{\"@id\":\"https:\\\/\\\/envican.com\\\/en\\\/envican\\\/#primaryimage\"},\"image\":{\"@id\":\"https:\\\/\\\/envican.com\\\/en\\\/envican\\\/#primaryimage\"},\"thumbnailUrl\":\"https:\\\/\\\/envican.com\\\/wp-content\\\/uploads\\\/2021\\\/09\\\/envican-logo-nur-farn.png\",\"datePublished\":\"2021-01-21T08:39:26+00:00\",\"dateModified\":\"2025-03-13T10:39:56+00:00\",\"breadcrumb\":{\"@id\":\"https:\\\/\\\/envican.com\\\/en\\\/envican\\\/#breadcrumb\"},\"inLanguage\":\"en-US\",\"potentialAction\":[{\"@type\":\"ReadAction\",\"target\":[\"https:\\\/\\\/envican.com\\\/en\\\/envican\\\/\"]}]},{\"@type\":\"ImageObject\",\"inLanguage\":\"en-US\",\"@id\":\"https:\\\/\\\/envican.com\\\/en\\\/envican\\\/#primaryimage\",\"url\":\"https:\\\/\\\/envican.com\\\/wp-content\\\/uploads\\\/2021\\\/09\\\/envican-logo-nur-farn.png\",\"contentUrl\":\"https:\\\/\\\/envican.com\\\/wp-content\\\/uploads\\\/2021\\\/09\\\/envican-logo-nur-farn.png\"},{\"@type\":\"BreadcrumbList\",\"@id\":\"https:\\\/\\\/envican.com\\\/en\\\/envican\\\/#breadcrumb\",\"itemListElement\":[{\"@type\":\"ListItem\",\"position\":1,\"name\":\"Home\",\"item\":\"https:\\\/\\\/envican.com\\\/en\\\/start-en\\\/\"},{\"@type\":\"ListItem\",\"position\":2,\"name\":\"ENVICAN\"}]},{\"@type\":\"WebSite\",\"@id\":\"https:\\\/\\\/envican.com\\\/en\\\/#website\",\"url\":\"https:\\\/\\\/envican.com\\\/en\\\/\",\"name\":\"Envican Kartondosen Cardboard beverage cans\",\"description\":\"green technology for packaging\",\"publisher\":{\"@id\":\"https:\\\/\\\/envican.com\\\/en\\\/#organization\"},\"alternateName\":\"ENVICAN Kartondosen\",\"potentialAction\":[{\"@type\":\"SearchAction\",\"target\":{\"@type\":\"EntryPoint\",\"urlTemplate\":\"https:\\\/\\\/envican.com\\\/en\\\/?s={search_term_string}\"},\"query-input\":{\"@type\":\"PropertyValueSpecification\",\"valueRequired\":true,\"valueName\":\"search_term_string\"}}],\"inLanguage\":\"en-US\"},{\"@type\":\"Organization\",\"@id\":\"https:\\\/\\\/envican.com\\\/en\\\/#organization\",\"name\":\"Envican Kartondosen Cardboard beverage cans\",\"alternateName\":\"ENVICAN Dosen aus Karton f\u00fcr kohlens\u00e4urehaltige Getr\u00e4nke\",\"url\":\"https:\\\/\\\/envican.com\\\/en\\\/\",\"logo\":{\"@type\":\"ImageObject\",\"inLanguage\":\"en-US\",\"@id\":\"https:\\\/\\\/envican.com\\\/en\\\/#\\\/schema\\\/logo\\\/image\\\/\",\"url\":\"https:\\\/\\\/envican.com\\\/wp-content\\\/uploads\\\/2025\\\/02\\\/Logo-72dpi-rgb-r-WS-e1740416368287.png\",\"contentUrl\":\"https:\\\/\\\/envican.com\\\/wp-content\\\/uploads\\\/2025\\\/02\\\/Logo-72dpi-rgb-r-WS-e1740416368287.png\",\"width\":472,\"height\":129,\"caption\":\"Envican Kartondosen Cardboard beverage cans\"},\"image\":{\"@id\":\"https:\\\/\\\/envican.com\\\/en\\\/#\\\/schema\\\/logo\\\/image\\\/\"}}]}<\/script>\n<!-- \/ Yoast SEO plugin. -->","yoast_head_json":{"title":"ENVICAN - Envican Kartondosen Cardboard beverage cans","robots":{"index":"index","follow":"follow","max-snippet":"max-snippet:-1","max-image-preview":"max-image-preview:large","max-video-preview":"max-video-preview:-1"},"canonical":"https:\/\/envican.com\/en\/envican\/","og_locale":"en_US","og_type":"article","og_title":"ENVICAN - Envican Kartondosen Cardboard beverage cans","og_url":"https:\/\/envican.com\/en\/envican\/","og_site_name":"Envican Kartondosen Cardboard beverage cans","article_modified_time":"2025-03-13T10:39:56+00:00","og_image":[{"url":"https:\/\/envican.com\/wp-content\/uploads\/2021\/09\/envican-logo-nur-farn.png","type":"","width":"","height":""}],"twitter_card":"summary_large_image","twitter_misc":{"Est. reading time":"6 minutes"},"schema":{"@context":"https:\/\/schema.org","@graph":[{"@type":"WebPage","@id":"https:\/\/envican.com\/en\/envican\/","url":"https:\/\/envican.com\/en\/envican\/","name":"ENVICAN - Envican Kartondosen Cardboard beverage cans","isPartOf":{"@id":"https:\/\/envican.com\/en\/#website"},"primaryImageOfPage":{"@id":"https:\/\/envican.com\/en\/envican\/#primaryimage"},"image":{"@id":"https:\/\/envican.com\/en\/envican\/#primaryimage"},"thumbnailUrl":"https:\/\/envican.com\/wp-content\/uploads\/2021\/09\/envican-logo-nur-farn.png","datePublished":"2021-01-21T08:39:26+00:00","dateModified":"2025-03-13T10:39:56+00:00","breadcrumb":{"@id":"https:\/\/envican.com\/en\/envican\/#breadcrumb"},"inLanguage":"en-US","potentialAction":[{"@type":"ReadAction","target":["https:\/\/envican.com\/en\/envican\/"]}]},{"@type":"ImageObject","inLanguage":"en-US","@id":"https:\/\/envican.com\/en\/envican\/#primaryimage","url":"https:\/\/envican.com\/wp-content\/uploads\/2021\/09\/envican-logo-nur-farn.png","contentUrl":"https:\/\/envican.com\/wp-content\/uploads\/2021\/09\/envican-logo-nur-farn.png"},{"@type":"BreadcrumbList","@id":"https:\/\/envican.com\/en\/envican\/#breadcrumb","itemListElement":[{"@type":"ListItem","position":1,"name":"Home","item":"https:\/\/envican.com\/en\/start-en\/"},{"@type":"ListItem","position":2,"name":"ENVICAN"}]},{"@type":"WebSite","@id":"https:\/\/envican.com\/en\/#website","url":"https:\/\/envican.com\/en\/","name":"Envican Kartondosen Cardboard beverage cans","description":"green technology for packaging","publisher":{"@id":"https:\/\/envican.com\/en\/#organization"},"alternateName":"ENVICAN Kartondosen","potentialAction":[{"@type":"SearchAction","target":{"@type":"EntryPoint","urlTemplate":"https:\/\/envican.com\/en\/?s={search_term_string}"},"query-input":{"@type":"PropertyValueSpecification","valueRequired":true,"valueName":"search_term_string"}}],"inLanguage":"en-US"},{"@type":"Organization","@id":"https:\/\/envican.com\/en\/#organization","name":"Envican Kartondosen Cardboard beverage cans","alternateName":"ENVICAN Dosen aus Karton f\u00fcr kohlens\u00e4urehaltige Getr\u00e4nke","url":"https:\/\/envican.com\/en\/","logo":{"@type":"ImageObject","inLanguage":"en-US","@id":"https:\/\/envican.com\/en\/#\/schema\/logo\/image\/","url":"https:\/\/envican.com\/wp-content\/uploads\/2025\/02\/Logo-72dpi-rgb-r-WS-e1740416368287.png","contentUrl":"https:\/\/envican.com\/wp-content\/uploads\/2025\/02\/Logo-72dpi-rgb-r-WS-e1740416368287.png","width":472,"height":129,"caption":"Envican Kartondosen Cardboard beverage cans"},"image":{"@id":"https:\/\/envican.com\/en\/#\/schema\/logo\/image\/"}}]}},"_links":{"self":[{"href":"https:\/\/envican.com\/en\/wp-json\/wp\/v2\/pages\/4666","targetHints":{"allow":["GET"]}}],"collection":[{"href":"https:\/\/envican.com\/en\/wp-json\/wp\/v2\/pages"}],"about":[{"href":"https:\/\/envican.com\/en\/wp-json\/wp\/v2\/types\/page"}],"author":[{"embeddable":true,"href":"https:\/\/envican.com\/en\/wp-json\/wp\/v2\/users\/2"}],"replies":[{"embeddable":true,"href":"https:\/\/envican.com\/en\/wp-json\/wp\/v2\/comments?post=4666"}],"version-history":[{"count":15,"href":"https:\/\/envican.com\/en\/wp-json\/wp\/v2\/pages\/4666\/revisions"}],"predecessor-version":[{"id":5894,"href":"https:\/\/envican.com\/en\/wp-json\/wp\/v2\/pages\/4666\/revisions\/5894"}],"wp:attachment":[{"href":"https:\/\/envican.com\/en\/wp-json\/wp\/v2\/media?parent=4666"}],"curies":[{"name":"wp","href":"https:\/\/api.w.org\/{rel}","templated":true}]}}