{"id":4689,"date":"2020-12-02T09:36:32","date_gmt":"2020-12-02T08:36:32","guid":{"rendered":"https:\/\/envican.com\/produkt\/"},"modified":"2024-12-05T11:50:49","modified_gmt":"2024-12-05T10:50:49","slug":"product","status":"publish","type":"page","link":"https:\/\/envican.com\/en\/product\/","title":{"rendered":"Product"},"content":{"rendered":"<style type=\"text\/css\"> \n#cmsms_row_69ef822ad952f .cmsms_row_outer_parent { \n\tpadding-top: 50px; \n} \n\n#cmsms_row_69ef822ad952f .cmsms_row_outer_parent { \n\tpadding-bottom: 0px; \n} \n\n \n#cmsms_heading_69ef822ada1ed, #cmsms_heading_69ef822ada1ed a { \n\tfont-size:28px; \n\ttext-align:left; \n\tfont-weight:400; \n\tfont-style:normal; \n\tmargin-top:0px; \n\tmargin-bottom:20px; \n} \n\n#cmsms_button_69ef822ada29c { \n\ttext-align:center; \n} \n\n#cmsms_button_69ef822ada29c .cmsms_button:before { \n\tmargin-right:.5em; \n\tmargin-left:0; \n\tvertical-align:baseline; \n} \n\n#cmsms_button_69ef822ada29c .cmsms_button { \n\tfont-weight:400; \n\tfont-style:normal; \n\tbackground-color:#005408; \n\tcolor:#ffffff; \n} \n#cmsms_button_69ef822ada29c .cmsms_button:hover { \n} \n \n#cmsms_row_69ef822ada34b .cmsms_row_outer_parent { \n\tpadding-top: 0px; \n} \n\n#cmsms_row_69ef822ada34b .cmsms_row_outer_parent { \n\tpadding-bottom: 50px; \n} \n\n \n#cmsms_row_69ef822ada51c .cmsms_row_outer_parent { \n\tpadding-top: 0px; \n} \n\n#cmsms_row_69ef822ada51c .cmsms_row_outer_parent { \n\tpadding-bottom: 0px; \n} \n\n \n#cmsms_divider_69ef822ada668 { \n\tpadding-top:50px; \n\tmargin-bottom:40px; \n} \n<\/style><div id=\"cmsms_row_69ef822ad952f\" class=\"cmsms_row cmsms_color_scheme_default\">\n<div class=\"cmsms_row_outer_parent\">\n<div class=\"cmsms_row_outer\">\n<div class=\"cmsms_row_inner\">\n<div class=\"cmsms_row_margin\">\n<div class=\"cmsms_column one_half\">\n<div id=\"cmsms_video_wrap_69ef822ad9d07\" class=\"cmsms_video_wrap\">\n<div style=\"width: 640px;\" class=\"wp-video\"><video class=\"wp-video-shortcode\" id=\"video-4689-1\" width=\"640\" height=\"360\" poster=\"https:\/\/envican.com\/wp-content\/uploads\/2024\/04\/video-standbild-01.jpg\" preload=\"none\" controls=\"controls\"><source type=\"video\/mp4\" src=\"https:\/\/envican.com\/wp-content\/uploads\/2024\/05\/video-dosen-loop.mp4?_=1\" \/><a href=\"https:\/\/envican.com\/wp-content\/uploads\/2024\/05\/video-dosen-loop.mp4\">https:\/\/envican.com\/wp-content\/uploads\/2024\/05\/video-dosen-loop.mp4<\/a><\/video><\/div>\n<\/div>\n<div class=\"cmsms_text\">\n<p>ENVICAN \u00ae 250ml beverage can<\/p>\n<\/div>\n<div class=\"cmsms_img  cmsms_image_n\">\n<img decoding=\"async\" src=\"https:\/\/envican.com\/wp-content\/uploads\/2024\/05\/COMPO-600x300-1.jpg\" \/>\n<\/div>\n<\/div>\n<div class=\"cmsms_column one_half\">\n<h1 id=\"cmsms_heading_69ef822ada1ed\" class=\"cmsms_heading\"> Environmentally friendly carton can for carbonated and uncarbonated drinks<\/h1><div class=\"cmsms_text\">\n<h2 class=\"vc_custom_heading\">Sustainable packaging for nature\u2019s sake<\/h2>\n<div class=\"wpb_text_column wpb_content_element \">\n<h4 class=\"wpb_wrapper\">Our carton based ENVICAN beverage can is ideally suited for carbonated and uncarbonated drinks. Our packaging is made mainly from renewable materials like paper fiber and cardboard, which is gained from sustainable forestry. Like any other beverage can the ENVICAN beverage can is recyclable to make sure the valuable raw materials can be reused.<br \/>\nThe currently available 250ml ENVICAN beverage can is designed to fit existing filling systems (Slim format). Our 330ml can is currently in development and will also fit existing filling systems (Sleek format). Aseptic filling and pasteurizing are also possible.<\/h4>\n<h4 class=\"wpb_wrapper\">Furthermore, there are almost endless possibilities for layout and design of the can. We can offer a variety of different print procedures like digital printing, HD flexo and gravure print. These can be printed on both, white background and cardboard background.<\/h4>\n<h4 class=\"wpb_wrapper\"><strong>For further questions regarding the ENVICAN beverage can or filling techniques, our service team is happy to assist you.<\/strong><\/h4>\n<\/div>\n<\/div>\n\n<div id=\"cmsms_button_69ef822ada29c\" class=\"button_wrap\"><a href=\"https:\/\/envican.com\/en\/contact\/\" class=\"cmsms_button\">Request<\/a><\/div>\n<\/div>\n<\/div>\n<\/div>\n<\/div>\n<\/div>\n<\/div>\n<div id=\"cmsms_row_69ef822ada34b\" class=\"cmsms_row cmsms_color_scheme_default\">\n<div class=\"cmsms_row_outer_parent\">\n<div class=\"cmsms_row_outer\">\n<div class=\"cmsms_row_inner\">\n<div class=\"cmsms_row_margin\">\n<div class=\"cmsms_column one_first\">\n<p><\/p>\n<\/div>\n<\/div>\n<\/div>\n<\/div>\n<\/div>\n<\/div>\n<div id=\"cmsms_row_69ef822ada51c\" class=\"cmsms_row cmsms_color_scheme_default\">\n<div class=\"cmsms_row_outer_parent\">\n<div class=\"cmsms_row_outer\">\n<div class=\"cmsms_row_inner\">\n<div class=\"cmsms_row_margin\">\n<div class=\"cmsms_column one_first\">\n<div id=\"cmsms_divider_69ef822ada668\" class=\"cl\"><\/div>\n<\/div>\n<\/div>\n<\/div>\n<\/div>\n<\/div>\n<\/div>\n\n","protected":false},"excerpt":{"rendered":"","protected":false},"author":2,"featured_media":0,"parent":0,"menu_order":0,"comment_status":"closed","ping_status":"closed","template":"elementor_header_footer","meta":{"_acf_changed":false,"footnotes":""},"class_list":["post-4689","page","type-page","status-publish","hentry"],"acf":[],"yoast_head":"<!-- This site is optimized with the Yoast SEO plugin v27.4 - https:\/\/yoast.com\/product\/yoast-seo-wordpress\/ -->\n<title>Product - Envican Kartondosen Cardboard beverage cans<\/title>\n<meta name=\"robots\" content=\"index, follow, max-snippet:-1, max-image-preview:large, max-video-preview:-1\" \/>\n<link rel=\"canonical\" href=\"https:\/\/envican.com\/en\/product\/\" \/>\n<meta property=\"og:locale\" content=\"en_US\" \/>\n<meta property=\"og:type\" content=\"article\" \/>\n<meta property=\"og:title\" content=\"Product - Envican Kartondosen Cardboard beverage cans\" \/>\n<meta property=\"og:url\" content=\"https:\/\/envican.com\/en\/product\/\" \/>\n<meta property=\"og:site_name\" content=\"Envican Kartondosen Cardboard beverage cans\" \/>\n<meta property=\"article:modified_time\" content=\"2024-12-05T10:50:49+00:00\" \/>\n<meta name=\"twitter:card\" content=\"summary_large_image\" \/>\n<meta name=\"twitter:label1\" content=\"Est. reading time\" \/>\n\t<meta name=\"twitter:data1\" content=\"2 minutes\" \/>\n<script type=\"application\/ld+json\" class=\"yoast-schema-graph\">{\"@context\":\"https:\\\/\\\/schema.org\",\"@graph\":[{\"@type\":\"WebPage\",\"@id\":\"https:\\\/\\\/envican.com\\\/en\\\/product\\\/\",\"url\":\"https:\\\/\\\/envican.com\\\/en\\\/product\\\/\",\"name\":\"Product - Envican Kartondosen Cardboard beverage cans\",\"isPartOf\":{\"@id\":\"https:\\\/\\\/envican.com\\\/en\\\/#website\"},\"datePublished\":\"2020-12-02T08:36:32+00:00\",\"dateModified\":\"2024-12-05T10:50:49+00:00\",\"breadcrumb\":{\"@id\":\"https:\\\/\\\/envican.com\\\/en\\\/product\\\/#breadcrumb\"},\"inLanguage\":\"en-US\",\"potentialAction\":[{\"@type\":\"ReadAction\",\"target\":[\"https:\\\/\\\/envican.com\\\/en\\\/product\\\/\"]}]},{\"@type\":\"BreadcrumbList\",\"@id\":\"https:\\\/\\\/envican.com\\\/en\\\/product\\\/#breadcrumb\",\"itemListElement\":[{\"@type\":\"ListItem\",\"position\":1,\"name\":\"Home\",\"item\":\"https:\\\/\\\/envican.com\\\/en\\\/start-en\\\/\"},{\"@type\":\"ListItem\",\"position\":2,\"name\":\"Product\"}]},{\"@type\":\"WebSite\",\"@id\":\"https:\\\/\\\/envican.com\\\/en\\\/#website\",\"url\":\"https:\\\/\\\/envican.com\\\/en\\\/\",\"name\":\"Envican Kartondosen Cardboard beverage cans\",\"description\":\"green technology for packaging\",\"publisher\":{\"@id\":\"https:\\\/\\\/envican.com\\\/en\\\/#organization\"},\"alternateName\":\"ENVICAN Kartondosen\",\"potentialAction\":[{\"@type\":\"SearchAction\",\"target\":{\"@type\":\"EntryPoint\",\"urlTemplate\":\"https:\\\/\\\/envican.com\\\/en\\\/?s={search_term_string}\"},\"query-input\":{\"@type\":\"PropertyValueSpecification\",\"valueRequired\":true,\"valueName\":\"search_term_string\"}}],\"inLanguage\":\"en-US\"},{\"@type\":\"Organization\",\"@id\":\"https:\\\/\\\/envican.com\\\/en\\\/#organization\",\"name\":\"Envican Kartondosen Cardboard beverage cans\",\"alternateName\":\"ENVICAN Dosen aus Karton f\u00fcr kohlens\u00e4urehaltige Getr\u00e4nke\",\"url\":\"https:\\\/\\\/envican.com\\\/en\\\/\",\"logo\":{\"@type\":\"ImageObject\",\"inLanguage\":\"en-US\",\"@id\":\"https:\\\/\\\/envican.com\\\/en\\\/#\\\/schema\\\/logo\\\/image\\\/\",\"url\":\"https:\\\/\\\/envican.com\\\/wp-content\\\/uploads\\\/2025\\\/02\\\/Logo-72dpi-rgb-r-WS-e1740416368287.png\",\"contentUrl\":\"https:\\\/\\\/envican.com\\\/wp-content\\\/uploads\\\/2025\\\/02\\\/Logo-72dpi-rgb-r-WS-e1740416368287.png\",\"width\":472,\"height\":129,\"caption\":\"Envican Kartondosen Cardboard beverage cans\"},\"image\":{\"@id\":\"https:\\\/\\\/envican.com\\\/en\\\/#\\\/schema\\\/logo\\\/image\\\/\"}}]}<\/script>\n<!-- \/ Yoast SEO plugin. -->","yoast_head_json":{"title":"Product - Envican Kartondosen Cardboard beverage cans","robots":{"index":"index","follow":"follow","max-snippet":"max-snippet:-1","max-image-preview":"max-image-preview:large","max-video-preview":"max-video-preview:-1"},"canonical":"https:\/\/envican.com\/en\/product\/","og_locale":"en_US","og_type":"article","og_title":"Product - Envican Kartondosen Cardboard beverage cans","og_url":"https:\/\/envican.com\/en\/product\/","og_site_name":"Envican Kartondosen Cardboard beverage cans","article_modified_time":"2024-12-05T10:50:49+00:00","twitter_card":"summary_large_image","twitter_misc":{"Est. reading time":"2 minutes"},"schema":{"@context":"https:\/\/schema.org","@graph":[{"@type":"WebPage","@id":"https:\/\/envican.com\/en\/product\/","url":"https:\/\/envican.com\/en\/product\/","name":"Product - Envican Kartondosen Cardboard beverage cans","isPartOf":{"@id":"https:\/\/envican.com\/en\/#website"},"datePublished":"2020-12-02T08:36:32+00:00","dateModified":"2024-12-05T10:50:49+00:00","breadcrumb":{"@id":"https:\/\/envican.com\/en\/product\/#breadcrumb"},"inLanguage":"en-US","potentialAction":[{"@type":"ReadAction","target":["https:\/\/envican.com\/en\/product\/"]}]},{"@type":"BreadcrumbList","@id":"https:\/\/envican.com\/en\/product\/#breadcrumb","itemListElement":[{"@type":"ListItem","position":1,"name":"Home","item":"https:\/\/envican.com\/en\/start-en\/"},{"@type":"ListItem","position":2,"name":"Product"}]},{"@type":"WebSite","@id":"https:\/\/envican.com\/en\/#website","url":"https:\/\/envican.com\/en\/","name":"Envican Kartondosen Cardboard beverage cans","description":"green technology for packaging","publisher":{"@id":"https:\/\/envican.com\/en\/#organization"},"alternateName":"ENVICAN Kartondosen","potentialAction":[{"@type":"SearchAction","target":{"@type":"EntryPoint","urlTemplate":"https:\/\/envican.com\/en\/?s={search_term_string}"},"query-input":{"@type":"PropertyValueSpecification","valueRequired":true,"valueName":"search_term_string"}}],"inLanguage":"en-US"},{"@type":"Organization","@id":"https:\/\/envican.com\/en\/#organization","name":"Envican Kartondosen Cardboard beverage cans","alternateName":"ENVICAN Dosen aus Karton f\u00fcr kohlens\u00e4urehaltige Getr\u00e4nke","url":"https:\/\/envican.com\/en\/","logo":{"@type":"ImageObject","inLanguage":"en-US","@id":"https:\/\/envican.com\/en\/#\/schema\/logo\/image\/","url":"https:\/\/envican.com\/wp-content\/uploads\/2025\/02\/Logo-72dpi-rgb-r-WS-e1740416368287.png","contentUrl":"https:\/\/envican.com\/wp-content\/uploads\/2025\/02\/Logo-72dpi-rgb-r-WS-e1740416368287.png","width":472,"height":129,"caption":"Envican Kartondosen Cardboard beverage cans"},"image":{"@id":"https:\/\/envican.com\/en\/#\/schema\/logo\/image\/"}}]}},"_links":{"self":[{"href":"https:\/\/envican.com\/en\/wp-json\/wp\/v2\/pages\/4689","targetHints":{"allow":["GET"]}}],"collection":[{"href":"https:\/\/envican.com\/en\/wp-json\/wp\/v2\/pages"}],"about":[{"href":"https:\/\/envican.com\/en\/wp-json\/wp\/v2\/types\/page"}],"author":[{"embeddable":true,"href":"https:\/\/envican.com\/en\/wp-json\/wp\/v2\/users\/2"}],"replies":[{"embeddable":true,"href":"https:\/\/envican.com\/en\/wp-json\/wp\/v2\/comments?post=4689"}],"version-history":[{"count":10,"href":"https:\/\/envican.com\/en\/wp-json\/wp\/v2\/pages\/4689\/revisions"}],"predecessor-version":[{"id":5892,"href":"https:\/\/envican.com\/en\/wp-json\/wp\/v2\/pages\/4689\/revisions\/5892"}],"wp:attachment":[{"href":"https:\/\/envican.com\/en\/wp-json\/wp\/v2\/media?parent=4689"}],"curies":[{"name":"wp","href":"https:\/\/api.w.org\/{rel}","templated":true}]}}