{"id":4693,"date":"2020-12-02T10:45:10","date_gmt":"2020-12-02T09:45:10","guid":{"rendered":"https:\/\/envican.com\/produktion-service\/"},"modified":"2025-06-23T15:28:25","modified_gmt":"2025-06-23T13:28:25","slug":"production-service","status":"publish","type":"page","link":"https:\/\/envican.com\/en\/production-service\/","title":{"rendered":"Production &#038; Service"},"content":{"rendered":"<style type=\"text\/css\"> \n#cmsms_row_69f37af562a2b .cmsms_row_outer_parent { \n\tpadding-top: 50px; \n} \n\n#cmsms_row_69f37af562a2b .cmsms_row_outer_parent { \n\tpadding-bottom: 0px; \n} \n\n#cmsms_row_69f37af562a2b .cmsms_row_inner.cmsms_row_fullwidth { \n\tpadding-left:15%; \n} \n#cmsms_row_69f37af562a2b .cmsms_row_inner.cmsms_row_fullwidth { \n\tpadding-right:15%; \n} \n \n#cmsms_heading_69f37af5647c2, #cmsms_heading_69f37af5647c2 a { \n\tfont-size:28px; \n\ttext-align:left; \n\tfont-weight:400; \n\tfont-style:normal; \n\tmargin-top:0px; \n\tmargin-bottom:20px; \n} \n\n#cmsms_button_69f37af56488e { \n\ttext-align:center; \n} \n\n#cmsms_button_69f37af56488e .cmsms_button:before { \n\tmargin-right:.5em; \n\tmargin-left:0; \n\tvertical-align:baseline; \n} \n\n#cmsms_button_69f37af56488e .cmsms_button { \n\tfont-weight:400; \n\tfont-style:normal; \n\tbackground-color:#005408; \n\tcolor:#ffffff; \n} \n#cmsms_button_69f37af56488e .cmsms_button:hover { \n} \n \n#cmsms_divider_69f37af5648db { \n\tpadding-top:50px; \n\tmargin-bottom:40px; \n} \n<\/style><div id=\"cmsms_row_69f37af562a2b\" class=\"cmsms_row cmsms_color_scheme_default\">\n<div class=\"cmsms_row_outer_parent\">\n<div class=\"cmsms_row_outer\">\n<div class=\"cmsms_row_inner cmsms_row_fullwidth\">\n<div class=\"cmsms_row_margin\">\n<div class=\"cmsms_column one_third\">\n<div class=\"content_slider_wrap\" style=\"max-width:px;\">\n<script type=\"text\/javascript\">jQuery(document).ready(function () { jQuery(\"#cmsms_slider_69f37af562c17.content_slider\").owlCarousel( { singleItem : true, transitionStyle: \"fade\", rewindNav: false, rewindSpeed : 1000, slideSpeed : 600, autoHeight : true, paginationSpeed : \t600, autoPlay : 3000,pagination: false, navigationText : \t[ \"<span class=\\\"cmsms_prev_arrow\\\"><\/span>\", \"<span class=\\\"cmsms_next_arrow\\\"><\/span>\" ] } );} );<\/script>\n<div id=\"cmsms_slider_69f37af562c17\" class=\"content_slider owl-carousel\">\n<div class=\"item\"><img fetchpriority=\"high\" decoding=\"async\" width=\"400\" height=\"400\" src=\"https:\/\/envican.com\/wp-content\/uploads\/2024\/05\/produktion05-.jpg\" class=\"attachment-full size-full\" alt=\"\" srcset=\"https:\/\/envican.com\/wp-content\/uploads\/2024\/05\/produktion05-.jpg 400w, https:\/\/envican.com\/wp-content\/uploads\/2024\/05\/produktion05--300x300.jpg 300w, https:\/\/envican.com\/wp-content\/uploads\/2024\/05\/produktion05--150x150.jpg 150w, https:\/\/envican.com\/wp-content\/uploads\/2024\/05\/produktion05--55x55.jpg 55w, https:\/\/envican.com\/wp-content\/uploads\/2024\/05\/produktion05--250x250.jpg 250w\" sizes=\"(max-width: 400px) 100vw, 400px\" \/><\/div><div class=\"item\"><img decoding=\"async\" width=\"400\" height=\"400\" src=\"https:\/\/envican.com\/wp-content\/uploads\/2024\/05\/produktion-07.jpg\" class=\"attachment-full size-full\" alt=\"\" srcset=\"https:\/\/envican.com\/wp-content\/uploads\/2024\/05\/produktion-07.jpg 400w, https:\/\/envican.com\/wp-content\/uploads\/2024\/05\/produktion-07-300x300.jpg 300w, https:\/\/envican.com\/wp-content\/uploads\/2024\/05\/produktion-07-150x150.jpg 150w, https:\/\/envican.com\/wp-content\/uploads\/2024\/05\/produktion-07-55x55.jpg 55w, https:\/\/envican.com\/wp-content\/uploads\/2024\/05\/produktion-07-250x250.jpg 250w\" sizes=\"(max-width: 400px) 100vw, 400px\" \/><\/div><div class=\"item\"><img decoding=\"async\" width=\"600\" height=\"600\" src=\"https:\/\/envican.com\/wp-content\/uploads\/2024\/04\/kartondose-2er-start.jpg\" class=\"attachment-full size-full\" alt=\"\" srcset=\"https:\/\/envican.com\/wp-content\/uploads\/2024\/04\/kartondose-2er-start.jpg 600w, https:\/\/envican.com\/wp-content\/uploads\/2024\/04\/kartondose-2er-start-300x300.jpg 300w, https:\/\/envican.com\/wp-content\/uploads\/2024\/04\/kartondose-2er-start-150x150.jpg 150w, https:\/\/envican.com\/wp-content\/uploads\/2024\/04\/kartondose-2er-start-55x55.jpg 55w, https:\/\/envican.com\/wp-content\/uploads\/2024\/04\/kartondose-2er-start-250x250.jpg 250w, https:\/\/envican.com\/wp-content\/uploads\/2024\/04\/kartondose-2er-start-580x580.jpg 580w\" sizes=\"(max-width: 600px) 100vw, 600px\" \/><\/div><div class=\"item\"><img loading=\"lazy\" decoding=\"async\" width=\"746\" height=\"749\" src=\"https:\/\/envican.com\/wp-content\/uploads\/2024\/05\/ENVICAN_Produktlayers-1.jpg\" class=\"attachment-full size-full\" alt=\"\" srcset=\"https:\/\/envican.com\/wp-content\/uploads\/2024\/05\/ENVICAN_Produktlayers-1.jpg 746w, https:\/\/envican.com\/wp-content\/uploads\/2024\/05\/ENVICAN_Produktlayers-1-300x300.jpg 300w, https:\/\/envican.com\/wp-content\/uploads\/2024\/05\/ENVICAN_Produktlayers-1-150x150.jpg 150w, https:\/\/envican.com\/wp-content\/uploads\/2024\/05\/ENVICAN_Produktlayers-1-55x55.jpg 55w, https:\/\/envican.com\/wp-content\/uploads\/2024\/05\/ENVICAN_Produktlayers-1-250x250.jpg 250w, https:\/\/envican.com\/wp-content\/uploads\/2024\/05\/ENVICAN_Produktlayers-1-580x582.jpg 580w\" sizes=\"(max-width: 746px) 100vw, 746px\" \/><\/div><div class=\"item\"><img loading=\"lazy\" decoding=\"async\" width=\"400\" height=\"400\" src=\"https:\/\/envican.com\/wp-content\/uploads\/2024\/05\/produktion02-.jpg\" class=\"attachment-full size-full\" alt=\"\" srcset=\"https:\/\/envican.com\/wp-content\/uploads\/2024\/05\/produktion02-.jpg 400w, https:\/\/envican.com\/wp-content\/uploads\/2024\/05\/produktion02--300x300.jpg 300w, https:\/\/envican.com\/wp-content\/uploads\/2024\/05\/produktion02--150x150.jpg 150w, https:\/\/envican.com\/wp-content\/uploads\/2024\/05\/produktion02--55x55.jpg 55w, https:\/\/envican.com\/wp-content\/uploads\/2024\/05\/produktion02--250x250.jpg 250w\" sizes=\"(max-width: 400px) 100vw, 400px\" \/><\/div><div class=\"item\"><img loading=\"lazy\" decoding=\"async\" width=\"400\" height=\"400\" src=\"https:\/\/envican.com\/wp-content\/uploads\/2024\/05\/produktion0-.jpg\" class=\"attachment-full size-full\" alt=\"\" srcset=\"https:\/\/envican.com\/wp-content\/uploads\/2024\/05\/produktion0-.jpg 400w, https:\/\/envican.com\/wp-content\/uploads\/2024\/05\/produktion0--300x300.jpg 300w, https:\/\/envican.com\/wp-content\/uploads\/2024\/05\/produktion0--150x150.jpg 150w, https:\/\/envican.com\/wp-content\/uploads\/2024\/05\/produktion0--55x55.jpg 55w, https:\/\/envican.com\/wp-content\/uploads\/2024\/05\/produktion0--250x250.jpg 250w\" sizes=\"(max-width: 400px) 100vw, 400px\" \/><\/div><div class=\"item\"><img loading=\"lazy\" decoding=\"async\" width=\"400\" height=\"400\" src=\"https:\/\/envican.com\/wp-content\/uploads\/2024\/05\/produktion01-.jpg\" class=\"attachment-full size-full\" alt=\"\" srcset=\"https:\/\/envican.com\/wp-content\/uploads\/2024\/05\/produktion01-.jpg 400w, https:\/\/envican.com\/wp-content\/uploads\/2024\/05\/produktion01--300x300.jpg 300w, https:\/\/envican.com\/wp-content\/uploads\/2024\/05\/produktion01--150x150.jpg 150w, https:\/\/envican.com\/wp-content\/uploads\/2024\/05\/produktion01--55x55.jpg 55w, https:\/\/envican.com\/wp-content\/uploads\/2024\/05\/produktion01--250x250.jpg 250w\" sizes=\"(max-width: 400px) 100vw, 400px\" \/><\/div><div class=\"item\"><img loading=\"lazy\" decoding=\"async\" width=\"600\" height=\"600\" src=\"https:\/\/envican.com\/wp-content\/uploads\/2024\/04\/produktion.jpg\" class=\"attachment-full size-full\" alt=\"\" srcset=\"https:\/\/envican.com\/wp-content\/uploads\/2024\/04\/produktion.jpg 600w, https:\/\/envican.com\/wp-content\/uploads\/2024\/04\/produktion-300x300.jpg 300w, https:\/\/envican.com\/wp-content\/uploads\/2024\/04\/produktion-150x150.jpg 150w, https:\/\/envican.com\/wp-content\/uploads\/2024\/04\/produktion-55x55.jpg 55w, https:\/\/envican.com\/wp-content\/uploads\/2024\/04\/produktion-250x250.jpg 250w, https:\/\/envican.com\/wp-content\/uploads\/2024\/04\/produktion-580x580.jpg 580w\" sizes=\"(max-width: 600px) 100vw, 600px\" \/><\/div><\/div>\n<\/div>\n<\/div>\n<div class=\"cmsms_column two_third\">\n<h1 id=\"cmsms_heading_69f37af5647c2\" class=\"cmsms_heading\">Production &amp; Service<\/h1><div class=\"cmsms_text\">\n<h2>At our plant in Winterthur ENVICAN produces environmentally friendly <span class=\"HwtZe\" lang=\"en\"><span class=\"jCAhz ChMk0b\"><span class=\"ryNqvb\">Cardboard beverage cans<\/span><\/span><\/span> using state of the art technologies and methods<\/h2>\n<h4>Our motto \u201cquality first\u201d is based on BRC guidelines which includes optimized management- and production processes. Naturally, these processes are also in accordance with the requirements of the beverage industry.<br \/>\nENVICANs flexible service team can provide quick and professional support to all its customers and partners. An important goal for us is to organize our whole supply chain efficiently to ensure a sustainable value for our customer.<\/h4>\n<h4><strong>Are you interested in this innovative solution for your filling plant?<\/strong><\/h4>\n<h4><strong>Telephone: <\/strong><a href=\"tel: 41525512800\"><strong>+41 52 551 28 00<\/strong><\/a><\/h4>\n<p><strong>eMail: <\/strong><a href=\"mailto:info@envican.com\"><strong>info@envican.com<\/strong><\/a><\/p>\n<\/div>\n\n<div id=\"cmsms_button_69f37af56488e\" class=\"button_wrap\"><a href=\"https:\/\/envican.com\/en\/contact\/\" class=\"cmsms_button\">Contact us<\/a><\/div>\n<div id=\"cmsms_divider_69f37af5648db\" class=\"cl\"><\/div>\n<\/div>\n<\/div>\n<\/div>\n<\/div>\n<\/div>\n<\/div>\n\n","protected":false},"excerpt":{"rendered":"","protected":false},"author":2,"featured_media":0,"parent":0,"menu_order":0,"comment_status":"closed","ping_status":"closed","template":"elementor_header_footer","meta":{"_acf_changed":false,"footnotes":""},"class_list":["post-4693","page","type-page","status-publish","hentry"],"acf":[],"yoast_head":"<!-- This site is optimized with the Yoast SEO plugin v27.5 - https:\/\/yoast.com\/product\/yoast-seo-wordpress\/ -->\n<title>Production &amp; Service - Envican Kartondosen Cardboard beverage cans<\/title>\n<meta name=\"robots\" content=\"index, follow, max-snippet:-1, max-image-preview:large, max-video-preview:-1\" \/>\n<link rel=\"canonical\" href=\"https:\/\/envican.com\/en\/production-service\/\" \/>\n<meta property=\"og:locale\" content=\"en_US\" \/>\n<meta property=\"og:type\" content=\"article\" \/>\n<meta property=\"og:title\" content=\"Production &amp; Service - Envican Kartondosen Cardboard beverage cans\" \/>\n<meta property=\"og:url\" content=\"https:\/\/envican.com\/en\/production-service\/\" \/>\n<meta property=\"og:site_name\" content=\"Envican Kartondosen Cardboard beverage cans\" \/>\n<meta property=\"article:modified_time\" content=\"2025-06-23T13:28:25+00:00\" \/>\n<meta name=\"twitter:card\" content=\"summary_large_image\" \/>\n<meta name=\"twitter:label1\" content=\"Est. reading time\" \/>\n\t<meta name=\"twitter:data1\" content=\"1 minute\" \/>\n<script type=\"application\/ld+json\" class=\"yoast-schema-graph\">{\"@context\":\"https:\\\/\\\/schema.org\",\"@graph\":[{\"@type\":\"WebPage\",\"@id\":\"https:\\\/\\\/envican.com\\\/en\\\/production-service\\\/\",\"url\":\"https:\\\/\\\/envican.com\\\/en\\\/production-service\\\/\",\"name\":\"Production & Service - Envican Kartondosen Cardboard beverage cans\",\"isPartOf\":{\"@id\":\"https:\\\/\\\/envican.com\\\/en\\\/#website\"},\"datePublished\":\"2020-12-02T09:45:10+00:00\",\"dateModified\":\"2025-06-23T13:28:25+00:00\",\"breadcrumb\":{\"@id\":\"https:\\\/\\\/envican.com\\\/en\\\/production-service\\\/#breadcrumb\"},\"inLanguage\":\"en-US\",\"potentialAction\":[{\"@type\":\"ReadAction\",\"target\":[\"https:\\\/\\\/envican.com\\\/en\\\/production-service\\\/\"]}]},{\"@type\":\"BreadcrumbList\",\"@id\":\"https:\\\/\\\/envican.com\\\/en\\\/production-service\\\/#breadcrumb\",\"itemListElement\":[{\"@type\":\"ListItem\",\"position\":1,\"name\":\"Home\",\"item\":\"https:\\\/\\\/envican.com\\\/en\\\/start-en\\\/\"},{\"@type\":\"ListItem\",\"position\":2,\"name\":\"Production &#038; Service\"}]},{\"@type\":\"WebSite\",\"@id\":\"https:\\\/\\\/envican.com\\\/en\\\/#website\",\"url\":\"https:\\\/\\\/envican.com\\\/en\\\/\",\"name\":\"Envican Kartondosen Cardboard beverage cans\",\"description\":\"green technology for packaging\",\"publisher\":{\"@id\":\"https:\\\/\\\/envican.com\\\/en\\\/#organization\"},\"alternateName\":\"ENVICAN Kartondosen\",\"potentialAction\":[{\"@type\":\"SearchAction\",\"target\":{\"@type\":\"EntryPoint\",\"urlTemplate\":\"https:\\\/\\\/envican.com\\\/en\\\/?s={search_term_string}\"},\"query-input\":{\"@type\":\"PropertyValueSpecification\",\"valueRequired\":true,\"valueName\":\"search_term_string\"}}],\"inLanguage\":\"en-US\"},{\"@type\":\"Organization\",\"@id\":\"https:\\\/\\\/envican.com\\\/en\\\/#organization\",\"name\":\"Envican Kartondosen Cardboard beverage cans\",\"alternateName\":\"ENVICAN Dosen aus Karton f\u00fcr kohlens\u00e4urehaltige Getr\u00e4nke\",\"url\":\"https:\\\/\\\/envican.com\\\/en\\\/\",\"logo\":{\"@type\":\"ImageObject\",\"inLanguage\":\"en-US\",\"@id\":\"https:\\\/\\\/envican.com\\\/en\\\/#\\\/schema\\\/logo\\\/image\\\/\",\"url\":\"https:\\\/\\\/envican.com\\\/wp-content\\\/uploads\\\/2025\\\/02\\\/Logo-72dpi-rgb-r-WS-e1740416368287.png\",\"contentUrl\":\"https:\\\/\\\/envican.com\\\/wp-content\\\/uploads\\\/2025\\\/02\\\/Logo-72dpi-rgb-r-WS-e1740416368287.png\",\"width\":472,\"height\":129,\"caption\":\"Envican Kartondosen Cardboard beverage cans\"},\"image\":{\"@id\":\"https:\\\/\\\/envican.com\\\/en\\\/#\\\/schema\\\/logo\\\/image\\\/\"}}]}<\/script>\n<!-- \/ Yoast SEO plugin. -->","yoast_head_json":{"title":"Production & Service - Envican Kartondosen Cardboard beverage cans","robots":{"index":"index","follow":"follow","max-snippet":"max-snippet:-1","max-image-preview":"max-image-preview:large","max-video-preview":"max-video-preview:-1"},"canonical":"https:\/\/envican.com\/en\/production-service\/","og_locale":"en_US","og_type":"article","og_title":"Production & Service - Envican Kartondosen Cardboard beverage cans","og_url":"https:\/\/envican.com\/en\/production-service\/","og_site_name":"Envican Kartondosen Cardboard beverage cans","article_modified_time":"2025-06-23T13:28:25+00:00","twitter_card":"summary_large_image","twitter_misc":{"Est. reading time":"1 minute"},"schema":{"@context":"https:\/\/schema.org","@graph":[{"@type":"WebPage","@id":"https:\/\/envican.com\/en\/production-service\/","url":"https:\/\/envican.com\/en\/production-service\/","name":"Production & Service - Envican Kartondosen Cardboard beverage cans","isPartOf":{"@id":"https:\/\/envican.com\/en\/#website"},"datePublished":"2020-12-02T09:45:10+00:00","dateModified":"2025-06-23T13:28:25+00:00","breadcrumb":{"@id":"https:\/\/envican.com\/en\/production-service\/#breadcrumb"},"inLanguage":"en-US","potentialAction":[{"@type":"ReadAction","target":["https:\/\/envican.com\/en\/production-service\/"]}]},{"@type":"BreadcrumbList","@id":"https:\/\/envican.com\/en\/production-service\/#breadcrumb","itemListElement":[{"@type":"ListItem","position":1,"name":"Home","item":"https:\/\/envican.com\/en\/start-en\/"},{"@type":"ListItem","position":2,"name":"Production &#038; Service"}]},{"@type":"WebSite","@id":"https:\/\/envican.com\/en\/#website","url":"https:\/\/envican.com\/en\/","name":"Envican Kartondosen Cardboard beverage cans","description":"green technology for packaging","publisher":{"@id":"https:\/\/envican.com\/en\/#organization"},"alternateName":"ENVICAN Kartondosen","potentialAction":[{"@type":"SearchAction","target":{"@type":"EntryPoint","urlTemplate":"https:\/\/envican.com\/en\/?s={search_term_string}"},"query-input":{"@type":"PropertyValueSpecification","valueRequired":true,"valueName":"search_term_string"}}],"inLanguage":"en-US"},{"@type":"Organization","@id":"https:\/\/envican.com\/en\/#organization","name":"Envican Kartondosen Cardboard beverage cans","alternateName":"ENVICAN Dosen aus Karton f\u00fcr kohlens\u00e4urehaltige Getr\u00e4nke","url":"https:\/\/envican.com\/en\/","logo":{"@type":"ImageObject","inLanguage":"en-US","@id":"https:\/\/envican.com\/en\/#\/schema\/logo\/image\/","url":"https:\/\/envican.com\/wp-content\/uploads\/2025\/02\/Logo-72dpi-rgb-r-WS-e1740416368287.png","contentUrl":"https:\/\/envican.com\/wp-content\/uploads\/2025\/02\/Logo-72dpi-rgb-r-WS-e1740416368287.png","width":472,"height":129,"caption":"Envican Kartondosen Cardboard beverage cans"},"image":{"@id":"https:\/\/envican.com\/en\/#\/schema\/logo\/image\/"}}]}},"_links":{"self":[{"href":"https:\/\/envican.com\/en\/wp-json\/wp\/v2\/pages\/4693","targetHints":{"allow":["GET"]}}],"collection":[{"href":"https:\/\/envican.com\/en\/wp-json\/wp\/v2\/pages"}],"about":[{"href":"https:\/\/envican.com\/en\/wp-json\/wp\/v2\/types\/page"}],"author":[{"embeddable":true,"href":"https:\/\/envican.com\/en\/wp-json\/wp\/v2\/users\/2"}],"replies":[{"embeddable":true,"href":"https:\/\/envican.com\/en\/wp-json\/wp\/v2\/comments?post=4693"}],"version-history":[{"count":11,"href":"https:\/\/envican.com\/en\/wp-json\/wp\/v2\/pages\/4693\/revisions"}],"predecessor-version":[{"id":7144,"href":"https:\/\/envican.com\/en\/wp-json\/wp\/v2\/pages\/4693\/revisions\/7144"}],"wp:attachment":[{"href":"https:\/\/envican.com\/en\/wp-json\/wp\/v2\/media?parent=4693"}],"curies":[{"name":"wp","href":"https:\/\/api.w.org\/{rel}","templated":true}]}}