{"id":4697,"date":"2020-12-02T13:34:08","date_gmt":"2020-12-02T12:34:08","guid":{"rendered":"https:\/\/envican.com\/envican-team\/"},"modified":"2023-12-13T14:47:47","modified_gmt":"2023-12-13T13:47:47","slug":"team","status":"publish","type":"page","link":"https:\/\/envican.com\/en\/team\/","title":{"rendered":"Team"},"content":{"rendered":"<style type=\"text\/css\"> \n#cmsms_row_69e7362f3b382 .cmsms_row_outer_parent { \n\tpadding-top: 50px; \n} \n\n#cmsms_row_69e7362f3b382 .cmsms_row_outer_parent { \n\tpadding-bottom: 0px; \n} \n\n \n#cmsms_heading_69e7362f3ba64, #cmsms_heading_69e7362f3ba64 a { \n\tfont-size:28px; \n\ttext-align:left; \n\tfont-weight:400; \n\tfont-style:normal; \n\tmargin-top:0px; \n\tmargin-bottom:20px; \n} \n\n#cmsms_button_69e7362f3bb0c { \n\ttext-align:center; \n} \n\n#cmsms_button_69e7362f3bb0c .cmsms_button:before { \n\tmargin-right:.5em; \n\tmargin-left:0; \n\tvertical-align:baseline; \n} \n\n#cmsms_button_69e7362f3bb0c .cmsms_button { \n\tfont-family:'Open Sans'; \n\tfont-weight:400; \n\tfont-style:normal; \n\tbackground-color:#004225; \n\tcolor:#ffffff; \n} \n#cmsms_button_69e7362f3bb0c .cmsms_button:hover { \n\tbackground-color:#707070; \n\tcolor:#ffffff; \n} \n \n#cmsms_row_69e7362f3bb68 .cmsms_row_outer_parent { \n\tpadding-top: 0px; \n} \n\n#cmsms_row_69e7362f3bb68 .cmsms_row_outer_parent { \n\tpadding-bottom: 0px; \n} \n\n \n#cmsms_divider_69e7362f3bcd4 { \n\tpadding-top:50px; \n\tmargin-bottom:50px; \n} \n<\/style><div id=\"cmsms_row_69e7362f3b382\" class=\"cmsms_row cmsms_color_scheme_default\">\n<div class=\"cmsms_row_outer_parent\">\n<div class=\"cmsms_row_outer\">\n<div class=\"cmsms_row_inner\">\n<div class=\"cmsms_row_margin\">\n<div class=\"cmsms_column one_half\">\n<div class=\"cmsms_img  cmsms_image_n\" data-animation=\"fadeInLeft\" data-delay=\"0\">\n<img decoding=\"async\" src=\"https:\/\/envican.com\/wp-content\/uploads\/2023\/12\/ENVICAN-TEAM-WS-1024x700.jpg\" \/>\n<\/div>\n<\/div>\n<div class=\"cmsms_column one_half\">\n<h1 id=\"cmsms_heading_69e7362f3ba64\" class=\"cmsms_heading\">Stronger as a team<\/h1><div class=\"cmsms_text\">\n<h2>We reach our goals by acting as a team.<\/h2>\n<h4>Motivation, organization, respect and a lived feedback culture are essential to a comfortable work environment. Our commitment and joy help us to identify individual strengths and support the achievements we make as a team. We reach decisions together and communicate openly with one another. Written rules and clear areas of responsibility guarantee our success.<\/h4>\n<h4>At ENCIVAN we value reliability, respect and appreciation highly. We like to act in teams and groups and have shared values and rules. We are connected by a feeling of togetherness, which results in a respectful collaboration. We use individual knowledge and experiences to reach goals as a group. As a team we communicate a lot, share information and work together on tasks and solutions. Self-sufficiently and with a high level of organization we manage every challenge and celebrate our success together.<\/h4>\n<\/div>\n\n<div id=\"cmsms_button_69e7362f3bb0c\" class=\"button_wrap\"><a href=\"https:\/\/envican.com\/en\/contact\/\" class=\"cmsms_button\">Apply now!<\/a><\/div>\n<\/div>\n<\/div>\n<\/div>\n<\/div>\n<\/div>\n<\/div>\n<div id=\"cmsms_row_69e7362f3bb68\" class=\"cmsms_row cmsms_color_scheme_default\">\n<div class=\"cmsms_row_outer_parent\">\n<div class=\"cmsms_row_outer\">\n<div class=\"cmsms_row_inner\">\n<div class=\"cmsms_row_margin\">\n<div class=\"cmsms_column one_first\">\n<div id=\"cmsms_divider_69e7362f3bcd4\" class=\"cl\"><\/div>\n<\/div>\n<\/div>\n<\/div>\n<\/div>\n<\/div>\n<\/div>\n\n","protected":false},"excerpt":{"rendered":"","protected":false},"author":2,"featured_media":0,"parent":0,"menu_order":0,"comment_status":"closed","ping_status":"closed","template":"elementor_header_footer","meta":{"_acf_changed":false,"footnotes":""},"class_list":["post-4697","page","type-page","status-publish","hentry"],"acf":[],"yoast_head":"<!-- This site is optimized with the Yoast SEO plugin v27.4 - https:\/\/yoast.com\/product\/yoast-seo-wordpress\/ -->\n<title>Team - Envican Kartondosen Cardboard beverage cans<\/title>\n<meta name=\"robots\" content=\"index, follow, max-snippet:-1, max-image-preview:large, max-video-preview:-1\" \/>\n<link rel=\"canonical\" href=\"https:\/\/envican.com\/en\/team\/\" \/>\n<meta property=\"og:locale\" content=\"en_US\" \/>\n<meta property=\"og:type\" content=\"article\" \/>\n<meta property=\"og:title\" content=\"Team - Envican Kartondosen Cardboard beverage cans\" \/>\n<meta property=\"og:url\" content=\"https:\/\/envican.com\/en\/team\/\" \/>\n<meta property=\"og:site_name\" content=\"Envican Kartondosen Cardboard beverage cans\" \/>\n<meta property=\"article:modified_time\" content=\"2023-12-13T13:47:47+00:00\" \/>\n<meta name=\"twitter:card\" content=\"summary_large_image\" \/>\n<meta name=\"twitter:label1\" content=\"Est. reading time\" \/>\n\t<meta name=\"twitter:data1\" content=\"2 minutes\" \/>\n<script type=\"application\/ld+json\" class=\"yoast-schema-graph\">{\"@context\":\"https:\\\/\\\/schema.org\",\"@graph\":[{\"@type\":\"WebPage\",\"@id\":\"https:\\\/\\\/envican.com\\\/en\\\/team\\\/\",\"url\":\"https:\\\/\\\/envican.com\\\/en\\\/team\\\/\",\"name\":\"Team - Envican Kartondosen Cardboard beverage cans\",\"isPartOf\":{\"@id\":\"https:\\\/\\\/envican.com\\\/en\\\/#website\"},\"datePublished\":\"2020-12-02T12:34:08+00:00\",\"dateModified\":\"2023-12-13T13:47:47+00:00\",\"breadcrumb\":{\"@id\":\"https:\\\/\\\/envican.com\\\/en\\\/team\\\/#breadcrumb\"},\"inLanguage\":\"en-US\",\"potentialAction\":[{\"@type\":\"ReadAction\",\"target\":[\"https:\\\/\\\/envican.com\\\/en\\\/team\\\/\"]}]},{\"@type\":\"BreadcrumbList\",\"@id\":\"https:\\\/\\\/envican.com\\\/en\\\/team\\\/#breadcrumb\",\"itemListElement\":[{\"@type\":\"ListItem\",\"position\":1,\"name\":\"Home\",\"item\":\"https:\\\/\\\/envican.com\\\/en\\\/start-en\\\/\"},{\"@type\":\"ListItem\",\"position\":2,\"name\":\"Team\"}]},{\"@type\":\"WebSite\",\"@id\":\"https:\\\/\\\/envican.com\\\/en\\\/#website\",\"url\":\"https:\\\/\\\/envican.com\\\/en\\\/\",\"name\":\"Envican Kartondosen Cardboard beverage cans\",\"description\":\"green technology for packaging\",\"publisher\":{\"@id\":\"https:\\\/\\\/envican.com\\\/en\\\/#organization\"},\"alternateName\":\"ENVICAN Kartondosen\",\"potentialAction\":[{\"@type\":\"SearchAction\",\"target\":{\"@type\":\"EntryPoint\",\"urlTemplate\":\"https:\\\/\\\/envican.com\\\/en\\\/?s={search_term_string}\"},\"query-input\":{\"@type\":\"PropertyValueSpecification\",\"valueRequired\":true,\"valueName\":\"search_term_string\"}}],\"inLanguage\":\"en-US\"},{\"@type\":\"Organization\",\"@id\":\"https:\\\/\\\/envican.com\\\/en\\\/#organization\",\"name\":\"Envican Kartondosen Cardboard beverage cans\",\"alternateName\":\"ENVICAN Dosen aus Karton f\u00fcr kohlens\u00e4urehaltige Getr\u00e4nke\",\"url\":\"https:\\\/\\\/envican.com\\\/en\\\/\",\"logo\":{\"@type\":\"ImageObject\",\"inLanguage\":\"en-US\",\"@id\":\"https:\\\/\\\/envican.com\\\/en\\\/#\\\/schema\\\/logo\\\/image\\\/\",\"url\":\"https:\\\/\\\/envican.com\\\/wp-content\\\/uploads\\\/2025\\\/02\\\/Logo-72dpi-rgb-r-WS-e1740416368287.png\",\"contentUrl\":\"https:\\\/\\\/envican.com\\\/wp-content\\\/uploads\\\/2025\\\/02\\\/Logo-72dpi-rgb-r-WS-e1740416368287.png\",\"width\":472,\"height\":129,\"caption\":\"Envican Kartondosen Cardboard beverage cans\"},\"image\":{\"@id\":\"https:\\\/\\\/envican.com\\\/en\\\/#\\\/schema\\\/logo\\\/image\\\/\"}}]}<\/script>\n<!-- \/ Yoast SEO plugin. -->","yoast_head_json":{"title":"Team - Envican Kartondosen Cardboard beverage cans","robots":{"index":"index","follow":"follow","max-snippet":"max-snippet:-1","max-image-preview":"max-image-preview:large","max-video-preview":"max-video-preview:-1"},"canonical":"https:\/\/envican.com\/en\/team\/","og_locale":"en_US","og_type":"article","og_title":"Team - Envican Kartondosen Cardboard beverage cans","og_url":"https:\/\/envican.com\/en\/team\/","og_site_name":"Envican Kartondosen Cardboard beverage cans","article_modified_time":"2023-12-13T13:47:47+00:00","twitter_card":"summary_large_image","twitter_misc":{"Est. reading time":"2 minutes"},"schema":{"@context":"https:\/\/schema.org","@graph":[{"@type":"WebPage","@id":"https:\/\/envican.com\/en\/team\/","url":"https:\/\/envican.com\/en\/team\/","name":"Team - Envican Kartondosen Cardboard beverage cans","isPartOf":{"@id":"https:\/\/envican.com\/en\/#website"},"datePublished":"2020-12-02T12:34:08+00:00","dateModified":"2023-12-13T13:47:47+00:00","breadcrumb":{"@id":"https:\/\/envican.com\/en\/team\/#breadcrumb"},"inLanguage":"en-US","potentialAction":[{"@type":"ReadAction","target":["https:\/\/envican.com\/en\/team\/"]}]},{"@type":"BreadcrumbList","@id":"https:\/\/envican.com\/en\/team\/#breadcrumb","itemListElement":[{"@type":"ListItem","position":1,"name":"Home","item":"https:\/\/envican.com\/en\/start-en\/"},{"@type":"ListItem","position":2,"name":"Team"}]},{"@type":"WebSite","@id":"https:\/\/envican.com\/en\/#website","url":"https:\/\/envican.com\/en\/","name":"Envican Kartondosen Cardboard beverage cans","description":"green technology for packaging","publisher":{"@id":"https:\/\/envican.com\/en\/#organization"},"alternateName":"ENVICAN Kartondosen","potentialAction":[{"@type":"SearchAction","target":{"@type":"EntryPoint","urlTemplate":"https:\/\/envican.com\/en\/?s={search_term_string}"},"query-input":{"@type":"PropertyValueSpecification","valueRequired":true,"valueName":"search_term_string"}}],"inLanguage":"en-US"},{"@type":"Organization","@id":"https:\/\/envican.com\/en\/#organization","name":"Envican Kartondosen Cardboard beverage cans","alternateName":"ENVICAN Dosen aus Karton f\u00fcr kohlens\u00e4urehaltige Getr\u00e4nke","url":"https:\/\/envican.com\/en\/","logo":{"@type":"ImageObject","inLanguage":"en-US","@id":"https:\/\/envican.com\/en\/#\/schema\/logo\/image\/","url":"https:\/\/envican.com\/wp-content\/uploads\/2025\/02\/Logo-72dpi-rgb-r-WS-e1740416368287.png","contentUrl":"https:\/\/envican.com\/wp-content\/uploads\/2025\/02\/Logo-72dpi-rgb-r-WS-e1740416368287.png","width":472,"height":129,"caption":"Envican Kartondosen Cardboard beverage cans"},"image":{"@id":"https:\/\/envican.com\/en\/#\/schema\/logo\/image\/"}}]}},"_links":{"self":[{"href":"https:\/\/envican.com\/en\/wp-json\/wp\/v2\/pages\/4697","targetHints":{"allow":["GET"]}}],"collection":[{"href":"https:\/\/envican.com\/en\/wp-json\/wp\/v2\/pages"}],"about":[{"href":"https:\/\/envican.com\/en\/wp-json\/wp\/v2\/types\/page"}],"author":[{"embeddable":true,"href":"https:\/\/envican.com\/en\/wp-json\/wp\/v2\/users\/2"}],"replies":[{"embeddable":true,"href":"https:\/\/envican.com\/en\/wp-json\/wp\/v2\/comments?post=4697"}],"version-history":[{"count":4,"href":"https:\/\/envican.com\/en\/wp-json\/wp\/v2\/pages\/4697\/revisions"}],"predecessor-version":[{"id":5306,"href":"https:\/\/envican.com\/en\/wp-json\/wp\/v2\/pages\/4697\/revisions\/5306"}],"wp:attachment":[{"href":"https:\/\/envican.com\/en\/wp-json\/wp\/v2\/media?parent=4697"}],"curies":[{"name":"wp","href":"https:\/\/api.w.org\/{rel}","templated":true}]}}