{"id":4709,"date":"2020-12-02T12:34:28","date_gmt":"2020-12-02T11:34:28","guid":{"rendered":"https:\/\/envican.com\/karriere\/"},"modified":"2025-12-10T14:15:35","modified_gmt":"2025-12-10T13:15:35","slug":"career","status":"publish","type":"page","link":"https:\/\/envican.com\/en\/career\/","title":{"rendered":"Career"},"content":{"rendered":"<style type=\"text\/css\"> \n#cmsms_row_69f37bff9ee64 .cmsms_row_outer_parent { \n\tpadding-top: 50px; \n} \n\n#cmsms_row_69f37bff9ee64 .cmsms_row_outer_parent { \n\tpadding-bottom: 0px; \n} \n\n \n#cmsms_heading_69f37bff9f2b1, #cmsms_heading_69f37bff9f2b1 a { \n\tfont-size:28px; \n\ttext-align:left; \n\tfont-weight:400; \n\tfont-style:normal; \n\tmargin-top:0px; \n\tmargin-bottom:20px; \n} \n \n#cmsms_row_69f37bff9f35d .cmsms_row_outer_parent { \n\tpadding-top: 0px; \n} \n\n#cmsms_row_69f37bff9f35d .cmsms_row_outer_parent { \n\tpadding-bottom: 50px; \n} \n\n \n#cmsms_divider_69f37bff9f496 { \n\tpadding-top:20px; \n\tmargin-bottom:0px; \n} \n \n#cmsms_heading_69f37bff9f4c0, #cmsms_heading_69f37bff9f4c0 a { \n\tfont-weight:400; \n\tfont-style:normal; \n\tmargin-top:0px; \n\tmargin-bottom:20px; \n} \n \n#cmsms_divider_69f37bff9f4e2 { \n\tpadding-top:20px; \n\tmargin-bottom:0px; \n} \n \n#cmsms_row_69f37bff9f523 .cmsms_row_outer_parent { \n\tpadding-top: 0px; \n} \n\n#cmsms_row_69f37bff9f523 .cmsms_row_outer_parent { \n\tpadding-bottom: 50px; \n} \n\n<\/style><div id=\"cmsms_row_69f37bff9ee64\" class=\"cmsms_row cmsms_color_scheme_default\">\n<div class=\"cmsms_row_outer_parent\">\n<div class=\"cmsms_row_outer\">\n<div class=\"cmsms_row_inner\">\n<div class=\"cmsms_row_margin\">\n<div class=\"cmsms_column one_half\">\n<div class=\"cmsms_img  cmsms_image_n\" data-animation=\"fadeInLeft\" data-delay=\"0\">\n<img decoding=\"async\" src=\"https:\/\/envican.com\/wp-content\/uploads\/2021\/09\/karriere-e1698161417713.jpg\" \/>\n<\/div>\n<\/div>\n<div class=\"cmsms_column one_half\">\n<h1 id=\"cmsms_heading_69f37bff9f2b1\" class=\"cmsms_heading\"> Your chances at ENVICAN<\/h1><div class=\"cmsms_text\">\n<h2>Our dedication at work is directed towards nature, providing safe beverage packaging, environmental protection and sustainability.<\/h2>\n<h4>Our dedication at work is directed towards nature, providing safe beverage packaging, environmental protection and sustainability.<br \/>\nTo continue and extend our business into the future we are searching for colleagues who will be dedicated to our idea.<br \/>\nPeople who want to join us by making it their job to be a part of giving something back for a healthier world. Are you ready to contribute to a better world? In a modern and future-oriented company where you will meet a community of like-minded people?<\/h4>\n<h4><strong>Then we will happily receive your unsolicited application!<br \/>\n<\/strong><\/h4>\n<h4 class=\"module--translations-translatedtext js-module--translations-translatedtext\" data-size=\"m\">Is your suitable job advertisement not listed? Then send us your unsolicited application to:<\/h4>\n<h3><a href=\"mailto:hr@envican.com\">hr@envican.com<\/a><\/h3>\n<\/div>\n<\/div>\n<\/div>\n<\/div>\n<\/div>\n<\/div>\n<\/div>\n<div id=\"cmsms_row_69f37bff9f35d\" class=\"cmsms_row cmsms_color_scheme_default\">\n<div class=\"cmsms_row_outer_parent\">\n<div class=\"cmsms_row_outer\">\n<div class=\"cmsms_row_inner\">\n<div class=\"cmsms_row_margin\">\n<div class=\"cmsms_column one_first\">\n<div id=\"cmsms_divider_69f37bff9f496\" class=\"cl\"><\/div>\n<h1 id=\"cmsms_heading_69f37bff9f4c0\" class=\"cmsms_heading\">Current vacancies<\/h1>\n<div id=\"cmsms_divider_69f37bff9f4e2\" class=\"cmsms_divider solid\"><\/div>\n<\/div>\n<\/div>\n<\/div>\n<\/div>\n<\/div>\n<\/div>\n<div id=\"cmsms_row_69f37bff9f523\" class=\"cmsms_row cmsms_color_scheme_default\">\n<div class=\"cmsms_row_outer_parent\">\n<div class=\"cmsms_row_outer\">\n<div class=\"cmsms_row_inner\">\n<div class=\"cmsms_row_margin\">\n<div class=\"cmsms_column one_first\">\n<div class=\"cmsms_text\">\n<h3><a href=\"https:\/\/envican.com\/en\/application-technician-for-filling-systems\/\"><strong>Application Technician (Filling Systems) m\/f\/d 80-100%<\/strong><\/a><br \/>\n<a href=\"https:\/\/envican.com\/en\/application-technician-for-filling-systems\/\"><strong>Application Technician for Filling Systems<\/strong><\/a><\/h3>\n<\/div>\n<\/div>\n<\/div>\n<\/div>\n<\/div>\n<\/div>\n<\/div>\n\n","protected":false},"excerpt":{"rendered":"","protected":false},"author":2,"featured_media":0,"parent":0,"menu_order":0,"comment_status":"closed","ping_status":"closed","template":"elementor_header_footer","meta":{"_acf_changed":false,"footnotes":""},"class_list":["post-4709","page","type-page","status-publish","hentry"],"acf":[],"yoast_head":"<!-- This site is optimized with the Yoast SEO plugin v27.5 - https:\/\/yoast.com\/product\/yoast-seo-wordpress\/ -->\n<title>Career - Envican Kartondosen Cardboard beverage cans<\/title>\n<meta name=\"robots\" content=\"index, follow, max-snippet:-1, max-image-preview:large, max-video-preview:-1\" \/>\n<link rel=\"canonical\" href=\"https:\/\/envican.com\/en\/career\/\" \/>\n<meta property=\"og:locale\" content=\"en_US\" \/>\n<meta property=\"og:type\" content=\"article\" \/>\n<meta property=\"og:title\" content=\"Career - Envican Kartondosen Cardboard beverage cans\" \/>\n<meta property=\"og:url\" content=\"https:\/\/envican.com\/en\/career\/\" \/>\n<meta property=\"og:site_name\" content=\"Envican Kartondosen Cardboard beverage cans\" \/>\n<meta property=\"article:modified_time\" content=\"2025-12-10T13:15:35+00:00\" \/>\n<meta name=\"twitter:card\" content=\"summary_large_image\" \/>\n<meta name=\"twitter:label1\" content=\"Est. reading time\" \/>\n\t<meta name=\"twitter:data1\" content=\"2 minutes\" \/>\n<script type=\"application\/ld+json\" class=\"yoast-schema-graph\">{\"@context\":\"https:\\\/\\\/schema.org\",\"@graph\":[{\"@type\":\"WebPage\",\"@id\":\"https:\\\/\\\/envican.com\\\/en\\\/career\\\/\",\"url\":\"https:\\\/\\\/envican.com\\\/en\\\/career\\\/\",\"name\":\"Career - Envican Kartondosen Cardboard beverage cans\",\"isPartOf\":{\"@id\":\"https:\\\/\\\/envican.com\\\/en\\\/#website\"},\"datePublished\":\"2020-12-02T11:34:28+00:00\",\"dateModified\":\"2025-12-10T13:15:35+00:00\",\"breadcrumb\":{\"@id\":\"https:\\\/\\\/envican.com\\\/en\\\/career\\\/#breadcrumb\"},\"inLanguage\":\"en-US\",\"potentialAction\":[{\"@type\":\"ReadAction\",\"target\":[\"https:\\\/\\\/envican.com\\\/en\\\/career\\\/\"]}]},{\"@type\":\"BreadcrumbList\",\"@id\":\"https:\\\/\\\/envican.com\\\/en\\\/career\\\/#breadcrumb\",\"itemListElement\":[{\"@type\":\"ListItem\",\"position\":1,\"name\":\"Home\",\"item\":\"https:\\\/\\\/envican.com\\\/en\\\/start-en\\\/\"},{\"@type\":\"ListItem\",\"position\":2,\"name\":\"Career\"}]},{\"@type\":\"WebSite\",\"@id\":\"https:\\\/\\\/envican.com\\\/en\\\/#website\",\"url\":\"https:\\\/\\\/envican.com\\\/en\\\/\",\"name\":\"Envican Kartondosen Cardboard beverage cans\",\"description\":\"green technology for packaging\",\"publisher\":{\"@id\":\"https:\\\/\\\/envican.com\\\/en\\\/#organization\"},\"alternateName\":\"ENVICAN Kartondosen\",\"potentialAction\":[{\"@type\":\"SearchAction\",\"target\":{\"@type\":\"EntryPoint\",\"urlTemplate\":\"https:\\\/\\\/envican.com\\\/en\\\/?s={search_term_string}\"},\"query-input\":{\"@type\":\"PropertyValueSpecification\",\"valueRequired\":true,\"valueName\":\"search_term_string\"}}],\"inLanguage\":\"en-US\"},{\"@type\":\"Organization\",\"@id\":\"https:\\\/\\\/envican.com\\\/en\\\/#organization\",\"name\":\"Envican Kartondosen Cardboard beverage cans\",\"alternateName\":\"ENVICAN Dosen aus Karton f\u00fcr kohlens\u00e4urehaltige Getr\u00e4nke\",\"url\":\"https:\\\/\\\/envican.com\\\/en\\\/\",\"logo\":{\"@type\":\"ImageObject\",\"inLanguage\":\"en-US\",\"@id\":\"https:\\\/\\\/envican.com\\\/en\\\/#\\\/schema\\\/logo\\\/image\\\/\",\"url\":\"https:\\\/\\\/envican.com\\\/wp-content\\\/uploads\\\/2025\\\/02\\\/Logo-72dpi-rgb-r-WS-e1740416368287.png\",\"contentUrl\":\"https:\\\/\\\/envican.com\\\/wp-content\\\/uploads\\\/2025\\\/02\\\/Logo-72dpi-rgb-r-WS-e1740416368287.png\",\"width\":472,\"height\":129,\"caption\":\"Envican Kartondosen Cardboard beverage cans\"},\"image\":{\"@id\":\"https:\\\/\\\/envican.com\\\/en\\\/#\\\/schema\\\/logo\\\/image\\\/\"}}]}<\/script>\n<!-- \/ Yoast SEO plugin. -->","yoast_head_json":{"title":"Career - Envican Kartondosen Cardboard beverage cans","robots":{"index":"index","follow":"follow","max-snippet":"max-snippet:-1","max-image-preview":"max-image-preview:large","max-video-preview":"max-video-preview:-1"},"canonical":"https:\/\/envican.com\/en\/career\/","og_locale":"en_US","og_type":"article","og_title":"Career - Envican Kartondosen Cardboard beverage cans","og_url":"https:\/\/envican.com\/en\/career\/","og_site_name":"Envican Kartondosen Cardboard beverage cans","article_modified_time":"2025-12-10T13:15:35+00:00","twitter_card":"summary_large_image","twitter_misc":{"Est. reading time":"2 minutes"},"schema":{"@context":"https:\/\/schema.org","@graph":[{"@type":"WebPage","@id":"https:\/\/envican.com\/en\/career\/","url":"https:\/\/envican.com\/en\/career\/","name":"Career - Envican Kartondosen Cardboard beverage cans","isPartOf":{"@id":"https:\/\/envican.com\/en\/#website"},"datePublished":"2020-12-02T11:34:28+00:00","dateModified":"2025-12-10T13:15:35+00:00","breadcrumb":{"@id":"https:\/\/envican.com\/en\/career\/#breadcrumb"},"inLanguage":"en-US","potentialAction":[{"@type":"ReadAction","target":["https:\/\/envican.com\/en\/career\/"]}]},{"@type":"BreadcrumbList","@id":"https:\/\/envican.com\/en\/career\/#breadcrumb","itemListElement":[{"@type":"ListItem","position":1,"name":"Home","item":"https:\/\/envican.com\/en\/start-en\/"},{"@type":"ListItem","position":2,"name":"Career"}]},{"@type":"WebSite","@id":"https:\/\/envican.com\/en\/#website","url":"https:\/\/envican.com\/en\/","name":"Envican Kartondosen Cardboard beverage cans","description":"green technology for packaging","publisher":{"@id":"https:\/\/envican.com\/en\/#organization"},"alternateName":"ENVICAN Kartondosen","potentialAction":[{"@type":"SearchAction","target":{"@type":"EntryPoint","urlTemplate":"https:\/\/envican.com\/en\/?s={search_term_string}"},"query-input":{"@type":"PropertyValueSpecification","valueRequired":true,"valueName":"search_term_string"}}],"inLanguage":"en-US"},{"@type":"Organization","@id":"https:\/\/envican.com\/en\/#organization","name":"Envican Kartondosen Cardboard beverage cans","alternateName":"ENVICAN Dosen aus Karton f\u00fcr kohlens\u00e4urehaltige Getr\u00e4nke","url":"https:\/\/envican.com\/en\/","logo":{"@type":"ImageObject","inLanguage":"en-US","@id":"https:\/\/envican.com\/en\/#\/schema\/logo\/image\/","url":"https:\/\/envican.com\/wp-content\/uploads\/2025\/02\/Logo-72dpi-rgb-r-WS-e1740416368287.png","contentUrl":"https:\/\/envican.com\/wp-content\/uploads\/2025\/02\/Logo-72dpi-rgb-r-WS-e1740416368287.png","width":472,"height":129,"caption":"Envican Kartondosen Cardboard beverage cans"},"image":{"@id":"https:\/\/envican.com\/en\/#\/schema\/logo\/image\/"}}]}},"_links":{"self":[{"href":"https:\/\/envican.com\/en\/wp-json\/wp\/v2\/pages\/4709","targetHints":{"allow":["GET"]}}],"collection":[{"href":"https:\/\/envican.com\/en\/wp-json\/wp\/v2\/pages"}],"about":[{"href":"https:\/\/envican.com\/en\/wp-json\/wp\/v2\/types\/page"}],"author":[{"embeddable":true,"href":"https:\/\/envican.com\/en\/wp-json\/wp\/v2\/users\/2"}],"replies":[{"embeddable":true,"href":"https:\/\/envican.com\/en\/wp-json\/wp\/v2\/comments?post=4709"}],"version-history":[{"count":47,"href":"https:\/\/envican.com\/en\/wp-json\/wp\/v2\/pages\/4709\/revisions"}],"predecessor-version":[{"id":7401,"href":"https:\/\/envican.com\/en\/wp-json\/wp\/v2\/pages\/4709\/revisions\/7401"}],"wp:attachment":[{"href":"https:\/\/envican.com\/en\/wp-json\/wp\/v2\/media?parent=4709"}],"curies":[{"name":"wp","href":"https:\/\/api.w.org\/{rel}","templated":true}]}}