{"id":5567,"date":"2024-06-24T13:18:18","date_gmt":"2024-06-24T11:18:18","guid":{"rendered":"https:\/\/envican.com\/?page_id=5567"},"modified":"2024-06-24T13:23:43","modified_gmt":"2024-06-24T11:23:43","slug":"sales-manager-80-100-m-f-d","status":"publish","type":"page","link":"https:\/\/envican.com\/en\/sales-manager-80-100-m-f-d\/","title":{"rendered":"Sales Manager 80-100% (m\/f\/d)"},"content":{"rendered":"<style type=\"text\/css\"> \n#cmsms_row_69f3977c6024e .cmsms_row_outer_parent { \n\tpadding-top: 50px; \n} \n\n#cmsms_row_69f3977c6024e .cmsms_row_outer_parent { \n\tpadding-bottom: 0px; \n} \n\n \n#cmsms_heading_69f3977c6086d, #cmsms_heading_69f3977c6086d a { \n\tfont-size:28px; \n\ttext-align:left; \n\tfont-weight:400; \n\tfont-style:normal; \n\tmargin-top:0px; \n\tmargin-bottom:20px; \n} \n \n#cmsms_divider_69f3977c60b2f { \n\tpadding-top:20px; \n\tmargin-bottom:20px; \n} \n \n#cmsms_divider_69f3977c60c00 { \n\tpadding-top:20px; \n\tmargin-bottom:20px; \n} \n<\/style><div id=\"cmsms_row_69f3977c6024e\" class=\"cmsms_row cmsms_color_scheme_default\">\n<div class=\"cmsms_row_outer_parent\">\n<div class=\"cmsms_row_outer\">\n<div class=\"cmsms_row_inner\">\n<div class=\"cmsms_row_margin\">\n<div class=\"cmsms_column one_half\">\n<div class=\"cmsms_img  cmsms_image_n\" data-animation=\"fadeInLeft\" data-delay=\"0\">\n<img decoding=\"async\" src=\"https:\/\/envican.com\/wp-content\/uploads\/2024\/04\/jobs-1.jpg\" \/>\n<\/div>\n<\/div>\n<div class=\"cmsms_column one_half\">\n<h1 id=\"cmsms_heading_69f3977c6086d\" class=\"cmsms_heading\">WORK WITH US ON A GREEN FUTURE!<\/h1><div class=\"cmsms_text\">\n<h4>Wir sorgen, dank unseres Engagements f\u00fcr die Natur mit unserer \u00f6kologischen Lebensmittelverpackung, f\u00fcr\u00a0 Umweltschutz und Nachhaltigkeit.<br \/>\nDaf\u00fcr ben\u00f6tigen wir Mitarbeiter, die diesen Gedanken mittragen und unsere \u00f6kologische Zukunft sch\u00fctzen und erhalten wollen. Wir suchen Arbeitnehmer, die sich ebenfalls f\u00fcr eine gesunde Welt stark machen wollen und Lust haben, sich daf\u00fcr in Ihrem Beruf einzusetzen. Haben Sie Lust, als Verkaufsenthusiast, in einem modernen und zukunftsweisenden Unternehmen, in einer Gemeinschaft mit Gleichgesinnten, zu arbeiten?<br \/>\nAls innovativer, international t\u00e4tiger Produzent neuartiger umweltfreundlicher Getr\u00e4nkeverpackungen mit Sitz in der Schweiz (Winterthur) suchen wir per sofort oder nach Vereinbarung<\/h4>\n<\/div>\n<\/div>\n<\/div>\n<\/div>\n<\/div>\n<\/div>\n<\/div>\n<div id=\"cmsms_row_69f3977c6091b\" class=\"cmsms_row cmsms_color_scheme_default\">\n<div class=\"cmsms_row_outer_parent\">\n<div class=\"cmsms_row_outer\">\n<div class=\"cmsms_row_inner\">\n<div class=\"cmsms_row_margin\">\n<div class=\"cmsms_column one_first\">\n<div id=\"cmsms_divider_69f3977c60b2f\" class=\"cl\"><\/div>\n<div class=\"cmsms_text\">\n<h1><strong>Sales Manager 80-100% (m\/f\/d)<\/strong><\/h1>\n<h4><strong>Your tasks:<\/strong><\/h4>\n<h4>\u2022 You define new business areas and new customers in close cooperation with our management<br \/>\n\u2022 Active development, co-design and implementation of sales strategies<br \/>\n\u2022 You identify and generate new sales and strengthen new customer business<br \/>\n\u2022 You maintain contact with decision-makers, promote customer loyalty and are the direct contact person in your area of\u00a0 activity<\/h4>\n<h4><strong>You have:<\/strong><\/h4>\n<h4>\u2022 3-5 years of practical professional experience in sales\/sales management<br \/>\n\u2022 Sound experience in customer service &#8211; and B2B acquisition<br \/>\n\u2022 It would be an advantage if you already have experience in the packaging or beverage industry<br \/>\n\u2022 Marketing knowledge is an advantage<br \/>\n\u2022 Fluent German and very good English skills, other languages are a plus<br \/>\n\u2022 Profound and confident handling of the Office 365 programs (PowerPoint, Excel, Word, MS Dynamics Navision etc.)<br \/>\n\u2022 You find your way in an innovative environment and support the management in other tasks as required<br \/>\n\u2022 You have a talent for organization, know how to set priorities, are resilient and work in a results-oriented and structured manner<br \/>\n\u2022 You have negotiating skills, a sense of responsibility and commitment<\/h4>\n<h4><strong>We offer you:<\/strong><\/h4>\n<h4>\u2022 You will make a significant contribution to the company&#8217;s success and be part of a global innovation<br \/>\nin the field of sustainable packaging solutions, in a company with promising future prospects.<br \/>\n\u2022 Exciting and challenging tasks with development opportunities and the freedom to work<br \/>\nindependently await you.<br \/>\n\u2022 You will be supported by a motivated team with high quality standards that will carefully introduce<br \/>\nyou to your new tasks.<br \/>\n\u2022 Good public transport connections and free employee parking,<br \/>\n\u2022 Up to 100 % cost coverage for further training<br \/>\n\u2022 5 weeks vacation \/ free coffee and drinks \/ regular employee events<\/h4>\n<h4>Are you a customer-oriented, communicative and strong salesperson? Have we aroused your interest?<br \/>\nThen we look forward to receiving your detailed application by e-mail to:<\/h4>\n<h4><a href=\"mailto:hr@envican.com\">hr@envican.com<\/a><\/h4>\n<\/div>\n\n<div id=\"cmsms_divider_69f3977c60c00\" class=\"cmsms_divider solid\"><\/div>\n<div class=\"cmsms_text\">\n<p><\/p>\n<\/div>\n<div class=\"cmsms_text\">\n<h3><strong>\u00a0<\/strong><\/h3>\n<\/div>\n<\/div>\n<\/div>\n<\/div>\n<\/div>\n<\/div>\n<\/div>\n\n","protected":false},"excerpt":{"rendered":"","protected":false},"author":2,"featured_media":0,"parent":0,"menu_order":0,"comment_status":"closed","ping_status":"closed","template":"","meta":{"_acf_changed":false,"footnotes":""},"class_list":["post-5567","page","type-page","status-publish","hentry"],"acf":[],"yoast_head":"<!-- This site is optimized with the Yoast SEO plugin v27.5 - https:\/\/yoast.com\/product\/yoast-seo-wordpress\/ -->\n<title>Sales Manager 80-100% (m\/f\/d) - Envican Kartondosen Cardboard beverage cans<\/title>\n<meta name=\"robots\" content=\"index, follow, max-snippet:-1, max-image-preview:large, max-video-preview:-1\" \/>\n<link rel=\"canonical\" href=\"https:\/\/envican.com\/en\/sales-manager-80-100-m-f-d\/\" \/>\n<meta property=\"og:locale\" content=\"en_US\" \/>\n<meta property=\"og:type\" content=\"article\" \/>\n<meta property=\"og:title\" content=\"Sales Manager 80-100% (m\/f\/d) - Envican Kartondosen Cardboard beverage cans\" \/>\n<meta property=\"og:url\" content=\"https:\/\/envican.com\/en\/sales-manager-80-100-m-f-d\/\" \/>\n<meta property=\"og:site_name\" content=\"Envican Kartondosen Cardboard beverage cans\" \/>\n<meta property=\"article:modified_time\" content=\"2024-06-24T11:23:43+00:00\" \/>\n<meta name=\"twitter:card\" content=\"summary_large_image\" \/>\n<meta name=\"twitter:label1\" content=\"Est. reading time\" \/>\n\t<meta name=\"twitter:data1\" content=\"3 minutes\" \/>\n<script type=\"application\/ld+json\" class=\"yoast-schema-graph\">{\"@context\":\"https:\\\/\\\/schema.org\",\"@graph\":[{\"@type\":\"WebPage\",\"@id\":\"https:\\\/\\\/envican.com\\\/en\\\/sales-manager-80-100-m-f-d\\\/\",\"url\":\"https:\\\/\\\/envican.com\\\/en\\\/sales-manager-80-100-m-f-d\\\/\",\"name\":\"Sales Manager 80-100% (m\\\/f\\\/d) - Envican Kartondosen Cardboard beverage cans\",\"isPartOf\":{\"@id\":\"https:\\\/\\\/envican.com\\\/en\\\/#website\"},\"datePublished\":\"2024-06-24T11:18:18+00:00\",\"dateModified\":\"2024-06-24T11:23:43+00:00\",\"breadcrumb\":{\"@id\":\"https:\\\/\\\/envican.com\\\/en\\\/sales-manager-80-100-m-f-d\\\/#breadcrumb\"},\"inLanguage\":\"en-US\",\"potentialAction\":[{\"@type\":\"ReadAction\",\"target\":[\"https:\\\/\\\/envican.com\\\/en\\\/sales-manager-80-100-m-f-d\\\/\"]}]},{\"@type\":\"BreadcrumbList\",\"@id\":\"https:\\\/\\\/envican.com\\\/en\\\/sales-manager-80-100-m-f-d\\\/#breadcrumb\",\"itemListElement\":[{\"@type\":\"ListItem\",\"position\":1,\"name\":\"Home\",\"item\":\"https:\\\/\\\/envican.com\\\/en\\\/start-en\\\/\"},{\"@type\":\"ListItem\",\"position\":2,\"name\":\"Sales Manager 80-100% (m\\\/f\\\/d)\"}]},{\"@type\":\"WebSite\",\"@id\":\"https:\\\/\\\/envican.com\\\/en\\\/#website\",\"url\":\"https:\\\/\\\/envican.com\\\/en\\\/\",\"name\":\"Envican Kartondosen Cardboard beverage cans\",\"description\":\"green technology for packaging\",\"publisher\":{\"@id\":\"https:\\\/\\\/envican.com\\\/en\\\/#organization\"},\"alternateName\":\"ENVICAN Kartondosen\",\"potentialAction\":[{\"@type\":\"SearchAction\",\"target\":{\"@type\":\"EntryPoint\",\"urlTemplate\":\"https:\\\/\\\/envican.com\\\/en\\\/?s={search_term_string}\"},\"query-input\":{\"@type\":\"PropertyValueSpecification\",\"valueRequired\":true,\"valueName\":\"search_term_string\"}}],\"inLanguage\":\"en-US\"},{\"@type\":\"Organization\",\"@id\":\"https:\\\/\\\/envican.com\\\/en\\\/#organization\",\"name\":\"Envican Kartondosen Cardboard beverage cans\",\"alternateName\":\"ENVICAN Dosen aus Karton f\u00fcr kohlens\u00e4urehaltige Getr\u00e4nke\",\"url\":\"https:\\\/\\\/envican.com\\\/en\\\/\",\"logo\":{\"@type\":\"ImageObject\",\"inLanguage\":\"en-US\",\"@id\":\"https:\\\/\\\/envican.com\\\/en\\\/#\\\/schema\\\/logo\\\/image\\\/\",\"url\":\"https:\\\/\\\/envican.com\\\/wp-content\\\/uploads\\\/2025\\\/02\\\/Logo-72dpi-rgb-r-WS-e1740416368287.png\",\"contentUrl\":\"https:\\\/\\\/envican.com\\\/wp-content\\\/uploads\\\/2025\\\/02\\\/Logo-72dpi-rgb-r-WS-e1740416368287.png\",\"width\":472,\"height\":129,\"caption\":\"Envican Kartondosen Cardboard beverage cans\"},\"image\":{\"@id\":\"https:\\\/\\\/envican.com\\\/en\\\/#\\\/schema\\\/logo\\\/image\\\/\"}}]}<\/script>\n<!-- \/ Yoast SEO plugin. -->","yoast_head_json":{"title":"Sales Manager 80-100% (m\/f\/d) - Envican Kartondosen Cardboard beverage cans","robots":{"index":"index","follow":"follow","max-snippet":"max-snippet:-1","max-image-preview":"max-image-preview:large","max-video-preview":"max-video-preview:-1"},"canonical":"https:\/\/envican.com\/en\/sales-manager-80-100-m-f-d\/","og_locale":"en_US","og_type":"article","og_title":"Sales Manager 80-100% (m\/f\/d) - Envican Kartondosen Cardboard beverage cans","og_url":"https:\/\/envican.com\/en\/sales-manager-80-100-m-f-d\/","og_site_name":"Envican Kartondosen Cardboard beverage cans","article_modified_time":"2024-06-24T11:23:43+00:00","twitter_card":"summary_large_image","twitter_misc":{"Est. reading time":"3 minutes"},"schema":{"@context":"https:\/\/schema.org","@graph":[{"@type":"WebPage","@id":"https:\/\/envican.com\/en\/sales-manager-80-100-m-f-d\/","url":"https:\/\/envican.com\/en\/sales-manager-80-100-m-f-d\/","name":"Sales Manager 80-100% (m\/f\/d) - Envican Kartondosen Cardboard beverage cans","isPartOf":{"@id":"https:\/\/envican.com\/en\/#website"},"datePublished":"2024-06-24T11:18:18+00:00","dateModified":"2024-06-24T11:23:43+00:00","breadcrumb":{"@id":"https:\/\/envican.com\/en\/sales-manager-80-100-m-f-d\/#breadcrumb"},"inLanguage":"en-US","potentialAction":[{"@type":"ReadAction","target":["https:\/\/envican.com\/en\/sales-manager-80-100-m-f-d\/"]}]},{"@type":"BreadcrumbList","@id":"https:\/\/envican.com\/en\/sales-manager-80-100-m-f-d\/#breadcrumb","itemListElement":[{"@type":"ListItem","position":1,"name":"Home","item":"https:\/\/envican.com\/en\/start-en\/"},{"@type":"ListItem","position":2,"name":"Sales Manager 80-100% (m\/f\/d)"}]},{"@type":"WebSite","@id":"https:\/\/envican.com\/en\/#website","url":"https:\/\/envican.com\/en\/","name":"Envican Kartondosen Cardboard beverage cans","description":"green technology for packaging","publisher":{"@id":"https:\/\/envican.com\/en\/#organization"},"alternateName":"ENVICAN Kartondosen","potentialAction":[{"@type":"SearchAction","target":{"@type":"EntryPoint","urlTemplate":"https:\/\/envican.com\/en\/?s={search_term_string}"},"query-input":{"@type":"PropertyValueSpecification","valueRequired":true,"valueName":"search_term_string"}}],"inLanguage":"en-US"},{"@type":"Organization","@id":"https:\/\/envican.com\/en\/#organization","name":"Envican Kartondosen Cardboard beverage cans","alternateName":"ENVICAN Dosen aus Karton f\u00fcr kohlens\u00e4urehaltige Getr\u00e4nke","url":"https:\/\/envican.com\/en\/","logo":{"@type":"ImageObject","inLanguage":"en-US","@id":"https:\/\/envican.com\/en\/#\/schema\/logo\/image\/","url":"https:\/\/envican.com\/wp-content\/uploads\/2025\/02\/Logo-72dpi-rgb-r-WS-e1740416368287.png","contentUrl":"https:\/\/envican.com\/wp-content\/uploads\/2025\/02\/Logo-72dpi-rgb-r-WS-e1740416368287.png","width":472,"height":129,"caption":"Envican Kartondosen Cardboard beverage cans"},"image":{"@id":"https:\/\/envican.com\/en\/#\/schema\/logo\/image\/"}}]}},"_links":{"self":[{"href":"https:\/\/envican.com\/en\/wp-json\/wp\/v2\/pages\/5567","targetHints":{"allow":["GET"]}}],"collection":[{"href":"https:\/\/envican.com\/en\/wp-json\/wp\/v2\/pages"}],"about":[{"href":"https:\/\/envican.com\/en\/wp-json\/wp\/v2\/types\/page"}],"author":[{"embeddable":true,"href":"https:\/\/envican.com\/en\/wp-json\/wp\/v2\/users\/2"}],"replies":[{"embeddable":true,"href":"https:\/\/envican.com\/en\/wp-json\/wp\/v2\/comments?post=5567"}],"version-history":[{"count":3,"href":"https:\/\/envican.com\/en\/wp-json\/wp\/v2\/pages\/5567\/revisions"}],"predecessor-version":[{"id":5573,"href":"https:\/\/envican.com\/en\/wp-json\/wp\/v2\/pages\/5567\/revisions\/5573"}],"wp:attachment":[{"href":"https:\/\/envican.com\/en\/wp-json\/wp\/v2\/media?parent=5567"}],"curies":[{"name":"wp","href":"https:\/\/api.w.org\/{rel}","templated":true}]}}