{"id":5646,"date":"2024-10-11T14:05:48","date_gmt":"2024-10-11T12:05:48","guid":{"rendered":"https:\/\/envican.com\/?page_id=5646"},"modified":"2025-12-15T11:15:03","modified_gmt":"2025-12-15T10:15:03","slug":"contact","status":"publish","type":"page","link":"https:\/\/envican.com\/en\/contact\/","title":{"rendered":"Contact"},"content":{"rendered":"<style type=\"text\/css\"> \n#cmsms_row_69f37d46e3e76 .cmsms_row_outer_parent { \n\tpadding-top: 0px; \n} \n\n#cmsms_row_69f37d46e3e76 .cmsms_row_outer_parent { \n\tpadding-bottom: 50px; \n} \n\n#cmsms_row_69f37d46e3e76 .cmsms_row_inner.cmsms_row_fullwidth { \n\tpadding-left:0%; \n} \n#cmsms_row_69f37d46e3e76 .cmsms_row_inner.cmsms_row_fullwidth { \n\tpadding-right:0%; \n} \n \n#cmsms_row_69f37d46e4576 .cmsms_row_outer_parent { \n\tpadding-top: 50px; \n} \n\n#cmsms_row_69f37d46e4576 .cmsms_row_outer_parent { \n\tpadding-bottom: 50px; \n} \n\n \n#cmsms_heading_69f37d46e4750, #cmsms_heading_69f37d46e4750 a { \n\tcolor:#004225; color:rgba(0, 66, 37, 1);\n\tfont-size:24px; \n\tfont-weight:400; \n\tfont-style:normal; \n\tmargin-top:0px; \n\tmargin-bottom:20px; \n} \n \n#cmsms_heading_69f37d46e5cf2, #cmsms_heading_69f37d46e5cf2 a { \n\tcolor:#004225; color:rgba(0, 66, 37, 1);\n\tfont-size:24px; \n\tfont-weight:400; \n\tfont-style:normal; \n\tmargin-top:0px; \n\tmargin-bottom:20px; \n} \n \n#cmsms_icon_list_items_69f37d46e5d40.cmsms_icon_list_items .cmsms_icon_list_item:before { \n\tleft:37px; \n} \n#cmsms_icon_list_items_69f37d46e5d40.cmsms_icon_list_type_block .cmsms_icon_list_item:before { \n\twidth:1px; \n} \n\n#cmsms_icon_list_items_69f37d46e5d40 .cmsms_icon_list_icon { \n\tborder-width:10px; \n\twidth:75px; \n\theight:75px; \n\t-webkit-border-radius:50%; \n\t-moz-border-radius:50%; \n\tborder-radius:50%; \n} \n\n#cmsms_icon_list_items_69f37d46e5d40 .cmsms_icon_list_icon:before { \n\tfont-size:23px; \n\tline-height:55px; \n} \n\n.cmsms_icon_list_items.cmsms_color_type_border #cmsms_icon_list_item_69f37d46e5e14:hover .cmsms_icon_list_icon { \n\tborder-color:transparent; \n} \n\n.cmsms_icon_list_items.cmsms_color_type_border #cmsms_icon_list_item_69f37d46e5ea2:hover .cmsms_icon_list_icon { \n\tborder-color:transparent; \n} \n\n.cmsms_icon_list_items.cmsms_color_type_border #cmsms_icon_list_item_69f37d46e5f07:hover .cmsms_icon_list_icon { \n\tborder-color:transparent; \n} \n \n#cmsms_divider_69f37d46e5f70 { \n\tpadding-top:25px; \n\tmargin-bottom:0px; \n} \n \n#cmsms_row_69f37d46e602a .cmsms_row_outer_parent { \n\tpadding-top: 0px; \n} \n\n#cmsms_row_69f37d46e602a .cmsms_row_outer_parent { \n\tpadding-bottom: 50px; \n} \n\n \n#cmsms_heading_69f37d46e622f, #cmsms_heading_69f37d46e622f a { \n\tfont-weight:400; \n\tfont-style:normal; \n\tmargin-top:0px; \n\tmargin-bottom:20px; \n} \n<\/style><div id=\"cmsms_row_69f37d46e3e76\" class=\"cmsms_row cmsms_color_scheme_default\">\n<div class=\"cmsms_row_outer_parent\">\n<div class=\"cmsms_row_outer\">\n<div class=\"cmsms_row_inner cmsms_row_fullwidth\">\n<div class=\"cmsms_row_margin\">\n<div class=\"cmsms_column one_first\">\n<div class=\"cmsms_img  cmsms_image_n\">\n<img decoding=\"async\" src=\"https:\/\/envican.com\/wp-content\/uploads\/2024\/04\/AUSSENANSICHT-RAMPE.jpg\" \/>\n<\/div>\n<\/div>\n<\/div>\n<\/div>\n<\/div>\n<\/div>\n<\/div>\n<div id=\"cmsms_row_69f37d46e4576\" class=\"cmsms_row cmsms_color_scheme_default cmsms_column_1\">\n<div class=\"cmsms_row_outer_parent\">\n<div class=\"cmsms_row_outer\">\n<div class=\"cmsms_row_inner\">\n<div class=\"cmsms_row_margin\">\n<div class=\"cmsms_column one_half {box-shadow: 0 0 5px #D1D1D3}\">\n<h1 id=\"cmsms_heading_69f37d46e4750\" class=\"cmsms_heading\">Contact form<\/h1>\n<div class=\"cmsms_contact_form\">\n<div class=\"wpcf7 no-js\" id=\"wpcf7-f5652-o1\" lang=\"en-US\" dir=\"ltr\" data-wpcf7-id=\"5652\">\n<div class=\"screen-reader-response\"><p role=\"status\" aria-live=\"polite\" aria-atomic=\"true\"><\/p> <ul><\/ul><\/div>\n<form action=\"\/en\/wp-json\/wp\/v2\/pages\/5646#wpcf7-f5652-o1\" method=\"post\" class=\"wpcf7-form init\" aria-label=\"Contact form\" novalidate=\"novalidate\" data-status=\"init\">\n<fieldset class=\"hidden-fields-container\"><input type=\"hidden\" name=\"_wpcf7\" value=\"5652\" \/><input type=\"hidden\" name=\"_wpcf7_version\" value=\"6.1.5\" \/><input type=\"hidden\" name=\"_wpcf7_locale\" value=\"en_US\" \/><input type=\"hidden\" name=\"_wpcf7_unit_tag\" value=\"wpcf7-f5652-o1\" \/><input type=\"hidden\" name=\"_wpcf7_container_post\" value=\"0\" \/><input type=\"hidden\" name=\"_wpcf7_posted_data_hash\" value=\"\" \/><input type=\"hidden\" name=\"_wpcf7_recaptcha_response\" value=\"\" \/>\n<\/fieldset>\n<p><label> Your name<br \/>\n<span class=\"wpcf7-form-control-wrap\" data-name=\"your-name\"><input size=\"40\" maxlength=\"400\" class=\"wpcf7-form-control wpcf7-text wpcf7-validates-as-required\" autocomplete=\"name\" aria-required=\"true\" aria-invalid=\"false\" value=\"\" type=\"text\" name=\"your-name\" \/><\/span> <\/label>\n<\/p>\n<p><label> Your E-Mail-Adress<br \/>\n<span class=\"wpcf7-form-control-wrap\" data-name=\"your-email\"><input size=\"40\" maxlength=\"400\" class=\"wpcf7-form-control wpcf7-email wpcf7-validates-as-required wpcf7-text wpcf7-validates-as-email\" autocomplete=\"email\" aria-required=\"true\" aria-invalid=\"false\" value=\"\" type=\"email\" name=\"your-email\" \/><\/span> <\/label>\n<\/p>\n<p><label> Subject<br \/>\n<span class=\"wpcf7-form-control-wrap\" data-name=\"your-subject\"><input size=\"40\" maxlength=\"400\" class=\"wpcf7-form-control wpcf7-text wpcf7-validates-as-required\" aria-required=\"true\" aria-invalid=\"false\" value=\"\" type=\"text\" name=\"your-subject\" \/><\/span> <\/label>\n<\/p>\n<p><label> Message (optional)<br \/>\n<span class=\"wpcf7-form-control-wrap\" data-name=\"your-message\"><textarea cols=\"40\" rows=\"10\" maxlength=\"2000\" class=\"wpcf7-form-control wpcf7-textarea\" aria-invalid=\"false\" name=\"your-message\"><\/textarea><\/span> <\/label>\n<\/p>\n<p><input class=\"wpcf7-form-control wpcf7-submit has-spinner\" type=\"submit\" value=\"Senden\" \/>\n<\/p><p style=\"display: none !important;\" class=\"akismet-fields-container\" data-prefix=\"_wpcf7_ak_\"><label>&#916;<textarea name=\"_wpcf7_ak_hp_textarea\" cols=\"45\" rows=\"8\" maxlength=\"100\"><\/textarea><\/label><input type=\"hidden\" id=\"ak_js_1\" name=\"_wpcf7_ak_js\" value=\"99\"\/><script>document.getElementById( \"ak_js_1\" ).setAttribute( \"value\", ( new Date() ).getTime() );<\/script><\/p><div class=\"wpcf7-response-output\" aria-hidden=\"true\"><\/div>\n<\/form>\n<\/div>\n<\/div>\n<\/div>\n<div class=\"cmsms_column one_half cmsms_column_1\">\n<h1 id=\"cmsms_heading_69f37d46e5cf2\" class=\"cmsms_heading\">Contact<\/h1> \n<ul id=\"cmsms_icon_list_items_69f37d46e5d40\" class=\"cmsms_icon_list_items cmsms_icon_list_type_block cmsms_icon_list_pos_left cmsms_color_type_border\"><li id=\"cmsms_icon_list_item_69f37d46e5e14\" class=\"cmsms_icon_list_item\">\n<div class=\"cmsms_icon_list_item_inner\">\n<div class=\"cmsms_icon_list_icon_wrap\">\n<span class=\"cmsms_icon_list_icon cmsms-icon-location-7\"><\/span>\n<\/div>\n<div class=\"cmsms_icon_list_item_content\">\n<h4 class=\"cmsms_icon_list_item_title\">Address<\/h4>\n<div class=\"cmsms_icon_list_item_text\">\n<h4>ENVICAN GmbH<br \/>\nB\u00fchler-Areal 27<br \/>\nCH-8482 Sennhof<\/h4>\n<h4 id=\"tw-target-text\" class=\"tw-data-text tw-text-large tw-ta\" data-placeholder=\"\u00dcbersetzung\"><strong><span class=\"Y2IQFc\" lang=\"en\">for deliveries please use this address<\/span>:<\/strong><\/h4>\n<h4>Rampe<br \/>\nB\u00fchler-Areal 38<br \/>\nCH-8482 Sennhof<\/h4>\n<\/div>\n<\/div>\n<\/div>\n<\/li><li id=\"cmsms_icon_list_item_69f37d46e5ea2\" class=\"cmsms_icon_list_item\">\n<div class=\"cmsms_icon_list_item_inner\">\n<div class=\"cmsms_icon_list_icon_wrap\">\n<span class=\"cmsms_icon_list_icon cmsms-icon-mobile-6\"><\/span>\n<\/div>\n<div class=\"cmsms_icon_list_item_content\">\n<h4 class=\"cmsms_icon_list_item_title\">Telephone<\/h4>\n<div class=\"cmsms_icon_list_item_text\">\n<h4><a href=\"tel: 41525512800\">P: +41 52 551 28 00<\/a><\/h4>\n<\/div>\n<\/div>\n<\/div>\n<\/li><li id=\"cmsms_icon_list_item_69f37d46e5f07\" class=\"cmsms_icon_list_item\">\n<div class=\"cmsms_icon_list_item_inner\">\n<div class=\"cmsms_icon_list_icon_wrap\">\n<span class=\"cmsms_icon_list_icon cmsms-icon-pencil-7\"><\/span>\n<\/div>\n<div class=\"cmsms_icon_list_item_content\">\n<h4 class=\"cmsms_icon_list_item_title\">Email address<\/h4>\n<div class=\"cmsms_icon_list_item_text\">\n<p><a href=\"mailto:info@envican.com\">info@envican.com<\/a><\/p>\n<\/div>\n<\/div>\n<\/div>\n<\/li><\/ul>\n<div id=\"cmsms_divider_69f37d46e5f70\" class=\"cl\"><\/div>\n<div class=\"custom_html\">\n<iframe style=\"border: 0;\" src=\"https:\/\/www.google.com\/maps\/embed?pb=!1m18!1m12!1m3!1d2697.171184001102!2d8.751739377081737!3d47.46709349759971!2m3!1f0!2f0!3f0!3m2!1i1024!2i768!4f13.1!3m3!1m2!1s0x479a9927c307c0e9%3A0xaee15cdc3de9c32a!2sEnvican%20GmbH%20ANLIEFERUNG!5e0!3m2!1sde!2sde!4v1685957695368!5m2!1sde!2sde\" width=\"100%\" height=\"450\" allowfullscreen=\"allowfullscreen\"><\/iframe>\n<\/div>\n<\/div>\n<\/div>\n<\/div>\n<\/div>\n<\/div>\n<\/div>\n<div id=\"cmsms_row_69f37d46e602a\" class=\"cmsms_row cmsms_color_scheme_default\">\n<div class=\"cmsms_row_outer_parent\">\n<div class=\"cmsms_row_outer\">\n<div class=\"cmsms_row_inner\">\n<div class=\"cmsms_row_margin\">\n<div class=\"cmsms_column one_first\">\n<h1 id=\"cmsms_heading_69f37d46e622f\" class=\"cmsms_heading\">Impressum<\/h1><div class=\"cmsms_text\">\n<p><em>Contact address<br \/>\n<\/em>ENVICAN GmbH<br \/>\nB\u00fchler-Areal 27<br \/>\nCH-8482 Sennhof<\/p>\n<p>E-Mail:<br \/>\ninfo@envican.com<\/p>\n<p><em>Authorized representative<\/em><br \/>\nChristoph Sch\u00f6nig Managing Director<\/p>\n<p><em>Commercial register entry<\/em><br \/>\nRegistered company name:<br \/>\nEnvican GmbH<\/p>\n<p><em>Company number (UID):<\/em><br \/>\nCHE-116.281.437<\/p>\n<p><em>VAT number<\/em><br \/>\nCHE-116.281.437 VAT<\/p>\n<p><em>Disclaimer of liability<\/em><br \/>\nThe author assumes no liability for the correctness, accuracy, timeliness, reliability and completeness of the information.<br \/>\nLiability claims against the author for material or immaterial damage resulting from access to, use or non-use of the published information, from misuse of the connection or from technical malfunctions are excluded.<br \/>\nAll offers are non-binding. The author expressly reserves the right to change, add to, or delete parts of the pages or the entire offer or to temporarily or permanently cease publication without prior notice.<\/p>\n<p><em>Disclaimer for links<\/em><br \/>\nReferences and links to third party websites are outside our area of \u200b\u200bresponsibility. It rejected any responsibility for such websites. Access to and use of such websites is at the user&#8217;s own risk.<\/p>\n<p><em>Copyrights<\/em><br \/>\nThe copyrights and all other rights to content, images, photos or other files on this website belong exclusively to Envican or the specifically named rights holders. The written consent of the copyright holder must be obtained in advance for the reproduction of any elements.<br \/>\nSource: SwissAnwalt<\/p>\n<\/div>\n<\/div>\n<\/div>\n<\/div>\n<\/div>\n<\/div>\n<\/div>\n\n","protected":false},"excerpt":{"rendered":"","protected":false},"author":2,"featured_media":0,"parent":0,"menu_order":0,"comment_status":"closed","ping_status":"closed","template":"elementor_header_footer","meta":{"_acf_changed":false,"footnotes":""},"class_list":["post-5646","page","type-page","status-publish","hentry"],"acf":[],"yoast_head":"<!-- This site is optimized with the Yoast SEO plugin v27.5 - https:\/\/yoast.com\/product\/yoast-seo-wordpress\/ -->\n<title>Contact - Envican Kartondosen Cardboard beverage cans<\/title>\n<meta name=\"robots\" content=\"index, follow, max-snippet:-1, max-image-preview:large, max-video-preview:-1\" \/>\n<link rel=\"canonical\" href=\"https:\/\/envican.com\/en\/contact\/\" \/>\n<meta property=\"og:locale\" content=\"en_US\" \/>\n<meta property=\"og:type\" content=\"article\" \/>\n<meta property=\"og:title\" content=\"Contact - Envican Kartondosen Cardboard beverage cans\" \/>\n<meta property=\"og:url\" content=\"https:\/\/envican.com\/en\/contact\/\" \/>\n<meta property=\"og:site_name\" content=\"Envican Kartondosen Cardboard beverage cans\" \/>\n<meta property=\"article:modified_time\" content=\"2025-12-15T10:15:03+00:00\" \/>\n<meta name=\"twitter:card\" content=\"summary_large_image\" \/>\n<meta name=\"twitter:label1\" content=\"Est. reading time\" \/>\n\t<meta name=\"twitter:data1\" content=\"2 minutes\" \/>\n<script type=\"application\/ld+json\" class=\"yoast-schema-graph\">{\"@context\":\"https:\\\/\\\/schema.org\",\"@graph\":[{\"@type\":\"WebPage\",\"@id\":\"https:\\\/\\\/envican.com\\\/en\\\/contact\\\/\",\"url\":\"https:\\\/\\\/envican.com\\\/en\\\/contact\\\/\",\"name\":\"Contact - Envican Kartondosen Cardboard beverage cans\",\"isPartOf\":{\"@id\":\"https:\\\/\\\/envican.com\\\/en\\\/#website\"},\"datePublished\":\"2024-10-11T12:05:48+00:00\",\"dateModified\":\"2025-12-15T10:15:03+00:00\",\"breadcrumb\":{\"@id\":\"https:\\\/\\\/envican.com\\\/en\\\/contact\\\/#breadcrumb\"},\"inLanguage\":\"en-US\",\"potentialAction\":[{\"@type\":\"ReadAction\",\"target\":[\"https:\\\/\\\/envican.com\\\/en\\\/contact\\\/\"]}]},{\"@type\":\"BreadcrumbList\",\"@id\":\"https:\\\/\\\/envican.com\\\/en\\\/contact\\\/#breadcrumb\",\"itemListElement\":[{\"@type\":\"ListItem\",\"position\":1,\"name\":\"Home\",\"item\":\"https:\\\/\\\/envican.com\\\/en\\\/start-en\\\/\"},{\"@type\":\"ListItem\",\"position\":2,\"name\":\"Contact\"}]},{\"@type\":\"WebSite\",\"@id\":\"https:\\\/\\\/envican.com\\\/en\\\/#website\",\"url\":\"https:\\\/\\\/envican.com\\\/en\\\/\",\"name\":\"Envican Kartondosen Cardboard beverage cans\",\"description\":\"green technology for packaging\",\"publisher\":{\"@id\":\"https:\\\/\\\/envican.com\\\/en\\\/#organization\"},\"alternateName\":\"ENVICAN Kartondosen\",\"potentialAction\":[{\"@type\":\"SearchAction\",\"target\":{\"@type\":\"EntryPoint\",\"urlTemplate\":\"https:\\\/\\\/envican.com\\\/en\\\/?s={search_term_string}\"},\"query-input\":{\"@type\":\"PropertyValueSpecification\",\"valueRequired\":true,\"valueName\":\"search_term_string\"}}],\"inLanguage\":\"en-US\"},{\"@type\":\"Organization\",\"@id\":\"https:\\\/\\\/envican.com\\\/en\\\/#organization\",\"name\":\"Envican Kartondosen Cardboard beverage cans\",\"alternateName\":\"ENVICAN Dosen aus Karton f\u00fcr kohlens\u00e4urehaltige Getr\u00e4nke\",\"url\":\"https:\\\/\\\/envican.com\\\/en\\\/\",\"logo\":{\"@type\":\"ImageObject\",\"inLanguage\":\"en-US\",\"@id\":\"https:\\\/\\\/envican.com\\\/en\\\/#\\\/schema\\\/logo\\\/image\\\/\",\"url\":\"https:\\\/\\\/envican.com\\\/wp-content\\\/uploads\\\/2025\\\/02\\\/Logo-72dpi-rgb-r-WS-e1740416368287.png\",\"contentUrl\":\"https:\\\/\\\/envican.com\\\/wp-content\\\/uploads\\\/2025\\\/02\\\/Logo-72dpi-rgb-r-WS-e1740416368287.png\",\"width\":472,\"height\":129,\"caption\":\"Envican Kartondosen Cardboard beverage cans\"},\"image\":{\"@id\":\"https:\\\/\\\/envican.com\\\/en\\\/#\\\/schema\\\/logo\\\/image\\\/\"}}]}<\/script>\n<!-- \/ Yoast SEO plugin. -->","yoast_head_json":{"title":"Contact - Envican Kartondosen Cardboard beverage cans","robots":{"index":"index","follow":"follow","max-snippet":"max-snippet:-1","max-image-preview":"max-image-preview:large","max-video-preview":"max-video-preview:-1"},"canonical":"https:\/\/envican.com\/en\/contact\/","og_locale":"en_US","og_type":"article","og_title":"Contact - Envican Kartondosen Cardboard beverage cans","og_url":"https:\/\/envican.com\/en\/contact\/","og_site_name":"Envican Kartondosen Cardboard beverage cans","article_modified_time":"2025-12-15T10:15:03+00:00","twitter_card":"summary_large_image","twitter_misc":{"Est. reading time":"2 minutes"},"schema":{"@context":"https:\/\/schema.org","@graph":[{"@type":"WebPage","@id":"https:\/\/envican.com\/en\/contact\/","url":"https:\/\/envican.com\/en\/contact\/","name":"Contact - Envican Kartondosen Cardboard beverage cans","isPartOf":{"@id":"https:\/\/envican.com\/en\/#website"},"datePublished":"2024-10-11T12:05:48+00:00","dateModified":"2025-12-15T10:15:03+00:00","breadcrumb":{"@id":"https:\/\/envican.com\/en\/contact\/#breadcrumb"},"inLanguage":"en-US","potentialAction":[{"@type":"ReadAction","target":["https:\/\/envican.com\/en\/contact\/"]}]},{"@type":"BreadcrumbList","@id":"https:\/\/envican.com\/en\/contact\/#breadcrumb","itemListElement":[{"@type":"ListItem","position":1,"name":"Home","item":"https:\/\/envican.com\/en\/start-en\/"},{"@type":"ListItem","position":2,"name":"Contact"}]},{"@type":"WebSite","@id":"https:\/\/envican.com\/en\/#website","url":"https:\/\/envican.com\/en\/","name":"Envican Kartondosen Cardboard beverage cans","description":"green technology for packaging","publisher":{"@id":"https:\/\/envican.com\/en\/#organization"},"alternateName":"ENVICAN Kartondosen","potentialAction":[{"@type":"SearchAction","target":{"@type":"EntryPoint","urlTemplate":"https:\/\/envican.com\/en\/?s={search_term_string}"},"query-input":{"@type":"PropertyValueSpecification","valueRequired":true,"valueName":"search_term_string"}}],"inLanguage":"en-US"},{"@type":"Organization","@id":"https:\/\/envican.com\/en\/#organization","name":"Envican Kartondosen Cardboard beverage cans","alternateName":"ENVICAN Dosen aus Karton f\u00fcr kohlens\u00e4urehaltige Getr\u00e4nke","url":"https:\/\/envican.com\/en\/","logo":{"@type":"ImageObject","inLanguage":"en-US","@id":"https:\/\/envican.com\/en\/#\/schema\/logo\/image\/","url":"https:\/\/envican.com\/wp-content\/uploads\/2025\/02\/Logo-72dpi-rgb-r-WS-e1740416368287.png","contentUrl":"https:\/\/envican.com\/wp-content\/uploads\/2025\/02\/Logo-72dpi-rgb-r-WS-e1740416368287.png","width":472,"height":129,"caption":"Envican Kartondosen Cardboard beverage cans"},"image":{"@id":"https:\/\/envican.com\/en\/#\/schema\/logo\/image\/"}}]}},"_links":{"self":[{"href":"https:\/\/envican.com\/en\/wp-json\/wp\/v2\/pages\/5646","targetHints":{"allow":["GET"]}}],"collection":[{"href":"https:\/\/envican.com\/en\/wp-json\/wp\/v2\/pages"}],"about":[{"href":"https:\/\/envican.com\/en\/wp-json\/wp\/v2\/types\/page"}],"author":[{"embeddable":true,"href":"https:\/\/envican.com\/en\/wp-json\/wp\/v2\/users\/2"}],"replies":[{"embeddable":true,"href":"https:\/\/envican.com\/en\/wp-json\/wp\/v2\/comments?post=5646"}],"version-history":[{"count":10,"href":"https:\/\/envican.com\/en\/wp-json\/wp\/v2\/pages\/5646\/revisions"}],"predecessor-version":[{"id":7412,"href":"https:\/\/envican.com\/en\/wp-json\/wp\/v2\/pages\/5646\/revisions\/7412"}],"wp:attachment":[{"href":"https:\/\/envican.com\/en\/wp-json\/wp\/v2\/media?parent=5646"}],"curies":[{"name":"wp","href":"https:\/\/api.w.org\/{rel}","templated":true}]}}