{"id":5878,"date":"2025-03-11T14:08:20","date_gmt":"2025-03-11T13:08:20","guid":{"rendered":"https:\/\/envican.com\/?page_id=5878"},"modified":"2026-01-26T13:18:58","modified_gmt":"2026-01-26T12:18:58","slug":"sustainability-2","status":"publish","type":"page","link":"https:\/\/envican.com\/en\/sustainability-2\/","title":{"rendered":"Sustainability"},"content":{"rendered":"<style type=\"text\/css\"> \n#cmsms_row_69f379c0da2ef { \n\tbackground-color: #eaeaea; \n} \n\n#cmsms_row_69f379c0da2ef .cmsms_row_outer_parent { \n\tpadding-top: 0px; \n} \n\n#cmsms_row_69f379c0da2ef .cmsms_row_outer_parent { \n\tpadding-bottom: 0px; \n} \n\n \n#cmsms_divider_69f379c0da4a2 { \n\tpadding-top:30px; \n\tmargin-bottom:50px; \n} \n \n#cmsms_heading_69f379c0da4e7, #cmsms_heading_69f379c0da4e7 a { \n\tcolor:#004225; color:rgba(0, 66, 37, 1);\n\ttext-align:center; \n\tfont-weight:500; \n\tfont-style:normal; \n\tmargin-top:0px; \n\tmargin-bottom:20px; \n} \n \n#cmsms_row_69f379c0da595 { \n\tbackground-color: #eaeaea; \n} \n\n#cmsms_row_69f379c0da595 .cmsms_row_outer_parent { \n\tpadding-top: 0px; \n} \n\n#cmsms_row_69f379c0da595 .cmsms_row_outer_parent { \n\tpadding-bottom: 50px; \n} \n\n \n#cmsms_stat_69f379c0da6bd .cmsms_stat_counter { \n\tcolor:#005408; \n} \n \n#cmsms_stat_69f379c0da7c1 .cmsms_stat_counter { \n\tcolor:#005408; \n} \n \n#cmsms_stat_69f379c0da8b5 .cmsms_stat_counter { \n\tcolor:#005408; \n} \n \n#cmsms_row_69f379c0da918 .cmsms_row_outer_parent { \n\tpadding-top: 50px; \n} \n\n#cmsms_row_69f379c0da918 .cmsms_row_outer_parent { \n\tpadding-bottom: 0px; \n} \n\n \n#cmsms_heading_69f379c0db125, #cmsms_heading_69f379c0db125 a { \n\tfont-size:28px; \n\ttext-align:left; \n\tfont-weight:400; \n\tfont-style:normal; \n\tmargin-top:0px; \n\tmargin-bottom:20px; \n} \n\n#cmsms_button_69f379c0db1e6 { \n\ttext-align:center; \n} \n\n#cmsms_button_69f379c0db1e6 .cmsms_button:before { \n\tmargin-right:.5em; \n\tmargin-left:0; \n\tvertical-align:baseline; \n} \n\n#cmsms_button_69f379c0db1e6 .cmsms_button { \n\tfont-weight:400; \n\tfont-style:normal; \n\tbackground-color:#004225; \n\tcolor:#ffffff; \n} \n#cmsms_button_69f379c0db1e6 .cmsms_button:hover { \n} \n \n#cmsms_divider_69f379c0db234 { \n\tpadding-top:50px; \n\tmargin-bottom:0px; \n} \n \n#cmsms_row_69f379c0db293 { \n\tbackground-color: #eaeaea; \n} \n\n#cmsms_row_69f379c0db293 .cmsms_row_outer_parent { \n\tpadding-top: 0px; \n} \n\n#cmsms_row_69f379c0db293 .cmsms_row_outer_parent { \n\tpadding-bottom: 50px; \n} \n\n \n#cmsms_divider_69f379c0db448 { \n\tpadding-top:50px; \n\tmargin-bottom:0px; \n} \n \n#cmsms_divider_69f379c0dba1b { \n\tpadding-top:50px; \n\tmargin-bottom:0px; \n} \n \n#cmsms_heading_69f379c0dba57, #cmsms_heading_69f379c0dba57 a { \n\tfont-weight:400; \n\tfont-style:normal; \n\tmargin-top:0px; \n\tmargin-bottom:20px; \n} \n \n#cmsms_row_69f379c0dbb1d { \n\tbackground-image: url(https:\/\/envican.com\/wp-content\/uploads\/2021\/07\/zitat-01-bg.jpg); \n\tbackground-position: top center; \n\tbackground-repeat: no-repeat; \n\tbackground-attachment: fixed; \n\tbackground-size: cover; \n} \n\n#cmsms_row_69f379c0dbb1d .cmsms_row_outer_parent { \n\tpadding-top: 50px; \n} \n\n#cmsms_row_69f379c0dbb1d .cmsms_row_outer_parent { \n\tpadding-bottom: 50px; \n} \n\n \n#cmsms_divider_69f379c0dc06c { \n\tpadding-top:50px; \n\tmargin-bottom:40px; \n} \n<\/style><div id=\"cmsms_row_69f379c0da2ef\" class=\"cmsms_row cmsms_color_scheme_default\">\n<div class=\"cmsms_row_outer_parent\">\n<div class=\"cmsms_row_outer\">\n<div class=\"cmsms_row_inner\">\n<div class=\"cmsms_row_margin\">\n<div class=\"cmsms_column one_first\">\n<div id=\"cmsms_divider_69f379c0da4a2\" class=\"cl\"><\/div>\n<h1 id=\"cmsms_heading_69f379c0da4e7\" class=\"cmsms_heading\">Possible savings if all beverage cans are replaced with ENVICAN:<\/h1>\n<\/div>\n<\/div>\n<\/div>\n<\/div>\n<\/div>\n<\/div>\n<div id=\"cmsms_row_69f379c0da595\" class=\"cmsms_row cmsms_color_scheme_default\">\n<div class=\"cmsms_row_outer_parent\">\n<div class=\"cmsms_row_outer\">\n<div class=\"cmsms_row_inner\">\n<div class=\"cmsms_row_margin\">\n<div class=\"cmsms_column one_third\">\n \n<div class=\"cmsms_stats stats_mode_counters stats_type_numbers stats_noborder\"><div class=\"cmsms_stat_wrap one_first\">\n<div id=\"cmsms_stat_69f379c0da6bd\" class=\"cmsms_stat stat_has_titleicon\" data-percent=\"14000000\">\n<div class=\"cmsms_stat_inner cmsms-icon-globe-6\">\n<span class=\"cmsms_stat_counter_wrap\">\n<span class=\"cmsms_stat_prefix\"><\/span><span class=\"cmsms_stat_counter\">0<\/span><span class=\"cmsms_stat_suffix\"> Tons<\/span>\n<\/span>\n<span class=\"cmsms_stat_title\">of CO2 savings per year through carton cans<\/span>\n<\/div>\n<\/div>\n<\/div><\/div>\n<\/div>\n<div class=\"cmsms_column one_third\">\n \n<div class=\"cmsms_stats stats_mode_counters stats_type_numbers stats_noborder\"><div class=\"cmsms_stat_wrap one_first\">\n<div id=\"cmsms_stat_69f379c0da7c1\" class=\"cmsms_stat stat_has_titleicon\" data-percent=\"564000000\">\n<div class=\"cmsms_stat_inner cmsms-icon-dollar\">\n<span class=\"cmsms_stat_counter_wrap\">\n<span class=\"cmsms_stat_prefix\"><\/span><span class=\"cmsms_stat_counter\">0<\/span><span class=\"cmsms_stat_suffix\"> Dollar <\/span>\n<\/span>\n<span class=\"cmsms_stat_title\">saved in CO2 costs per year<\/span>\n<\/div>\n<\/div>\n<\/div><\/div>\n<\/div>\n<div class=\"cmsms_column one_third\">\n \n<div class=\"cmsms_stats stats_mode_counters stats_type_numbers stats_noborder\"><div class=\"cmsms_stat_wrap one_first\">\n<div id=\"cmsms_stat_69f379c0da8b5\" class=\"cmsms_stat stat_has_titleicon\" data-percent=\"2250000\">\n<div class=\"cmsms_stat_inner cmsms-icon-dollar\">\n<span class=\"cmsms_stat_counter_wrap\">\n<span class=\"cmsms_stat_prefix\"><\/span><span class=\"cmsms_stat_counter\">0<\/span><span class=\"cmsms_stat_suffix\"> Tons<\/span>\n<\/span>\n<span class=\"cmsms_stat_title\">of aluminum saved per year through carton cans<\/span>\n<\/div>\n<\/div>\n<\/div><\/div>\n<\/div>\n<\/div>\n<\/div>\n<\/div>\n<\/div>\n<\/div>\n<div id=\"cmsms_row_69f379c0da918\" class=\"cmsms_row cmsms_color_scheme_default\">\n<div class=\"cmsms_row_outer_parent\">\n<div class=\"cmsms_row_outer\">\n<div class=\"cmsms_row_inner\">\n<div class=\"cmsms_row_margin\">\n<div class=\"cmsms_column one_half\">\n<div class=\"cmsms_img  cmsms_image_n\">\n<img decoding=\"async\" src=\"https:\/\/envican.com\/wp-content\/uploads\/2026\/01\/FSC_WS_EN.jpg\" \/>\n<\/div>\n<\/div>\n<div class=\"cmsms_column one_half\">\n<h1 id=\"cmsms_heading_69f379c0db125\" class=\"cmsms_heading\">Our most important resource is certified<\/h1><div class=\"cmsms_text\">\n<h2>Sustainable forestry<\/h2>\n<h4>We can ensure internationally approved, environmentally appropriate, socially beneficial and economically viable forest management.<br \/>\nThis is guaranteed by the sole usage of wood certified by the Forest Stewardship Council\u00ae &#8211; the FSC seal. <span class=\"Y2IQFc\" lang=\"en\">Our license number is <\/span>FSC\u00ae C173168.<\/h4>\n<h4>FSC is the largest organization to protect and preserve important environmental and social standards in forest management. Internationally approved standards and their involvement of many different stakeholders, environmental and social associations prove that FSC is an accredited solution for sustainable forestry.<\/h4>\n<h2>From raw materials to supply chain to our finished product<\/h2>\n<h4>For us, the disposal of our materials is just as important as the procurement. Products made from wood, like paper and cardboard are easily recyclable and reusable in the production cycle. Furthermore, wood\/cardboard\/paper are food safety approved.<br \/>\nIn addition, cardboard can be very flexiblly processed regarding its looks and other properties.<\/h4>\n<h4><strong>ENVICAN stands for an innovative, environmentally friendly and cost-efficient carton can, that really keeps all its promises. <\/strong><\/h4>\n<\/div>\n\n<div id=\"cmsms_button_69f379c0db1e6\" class=\"button_wrap\"><a href=\"https:\/\/envican.com\/en\/contact\/\" class=\"cmsms_button\">Request<\/a><\/div>\n<div id=\"cmsms_divider_69f379c0db234\" class=\"cl\"><\/div>\n<\/div>\n<\/div>\n<\/div>\n<\/div>\n<\/div>\n<\/div>\n<div id=\"cmsms_row_69f379c0db293\" class=\"cmsms_row cmsms_color_scheme_default\">\n<div class=\"cmsms_row_outer_parent\">\n<div class=\"cmsms_row_outer\">\n<div class=\"cmsms_row_inner\">\n<div class=\"cmsms_row_margin\">\n<div class=\"cmsms_column one_half\">\n<div id=\"cmsms_divider_69f379c0db448\" class=\"cl\"><\/div>\n<div class=\"cmsms_img  cmsms_image_n\">\n<img decoding=\"async\" src=\"https:\/\/envican.com\/wp-content\/uploads\/2024\/04\/grafik-CO2-Studie-EN-2024.jpg\" \/>\n<\/div>\n<div class=\"cmsms_text\">\n<p>According to study by IFEU Institute Heidelberg, 2023<\/p>\n<\/div>\n<\/div>\n<div class=\"cmsms_column one_half\">\n<div id=\"cmsms_divider_69f379c0dba1b\" class=\"cl\"><\/div>\n<h1 id=\"cmsms_heading_69f379c0dba57\" class=\"cmsms_heading\"> CO2 savings by using carton cans<\/h1><div class=\"cmsms_text\">\n<h3><strong>Consumers all around Europe<\/strong> are more and more inclined to live a <strong>healthy and sustainable lifestyle<\/strong>. They are trying to change the world for the better by making the right packaging choice which often makes safe <strong>carton packaging<\/strong> more attractive than packaging made from other materials. ENVICAN has developed <strong>new and sustainable beverage packaging<\/strong> exactly for this reason. According to studies conducted by leading European institutions (IFEU Institute Heidelberg) our carton can <strong>reduces CO2 by 50%.<\/strong><\/h3>\n<\/div>\n<\/div>\n<\/div>\n<\/div>\n<\/div>\n<\/div>\n<\/div>\n<div id=\"cmsms_row_69f379c0dbb1d\" class=\"cmsms_row cmsms_color_scheme_default\">\n<div class=\"cmsms_row_outer_parent\">\n<div class=\"cmsms_row_outer\">\n<div class=\"cmsms_row_inner\">\n<div class=\"cmsms_row_margin\">\n<div class=\"cmsms_column one_half\">\n<div id=\"cmsms_divider_69f379c0dc06c\" class=\"cl\"><\/div>\n<div class=\"cmsms_text\">\n<div class=\"cmsms_text\">\n<h2><span style=\"color: #ffffff;\"><strong>\u201cOur network in research and development,<br \/>\nour willingness and our capabilities have helped us<br \/>\ncreate something new and innovative.\u201d<\/strong><\/span><\/h2>\n<h2><span style=\"color: #ffffff;\"><strong>\u00a0<\/strong><\/span><\/h2>\n<p><span style=\"color: #ffffff;\">Dr. Christoph Schoenig, CEO<\/span><\/p>\n<\/div>\n<\/div>\n<\/div>\n<div class=\"cmsms_column one_half\">\n<\/div>\n<\/div>\n<\/div>\n<\/div>\n<\/div>\n<\/div>\n\n","protected":false},"excerpt":{"rendered":"","protected":false},"author":2,"featured_media":0,"parent":0,"menu_order":0,"comment_status":"closed","ping_status":"closed","template":"elementor_header_footer","meta":{"_acf_changed":false,"footnotes":""},"class_list":["post-5878","page","type-page","status-publish","hentry"],"acf":[],"yoast_head":"<!-- This site is optimized with the Yoast SEO plugin v27.5 - https:\/\/yoast.com\/product\/yoast-seo-wordpress\/ -->\n<title>Sustainability - Envican Kartondosen Cardboard beverage cans<\/title>\n<meta name=\"robots\" content=\"index, follow, max-snippet:-1, max-image-preview:large, max-video-preview:-1\" \/>\n<link rel=\"canonical\" href=\"https:\/\/envican.com\/en\/sustainability-2\/\" \/>\n<meta property=\"og:locale\" content=\"en_US\" \/>\n<meta property=\"og:type\" content=\"article\" \/>\n<meta property=\"og:title\" content=\"Sustainability - Envican Kartondosen Cardboard beverage cans\" \/>\n<meta property=\"og:url\" content=\"https:\/\/envican.com\/en\/sustainability-2\/\" \/>\n<meta property=\"og:site_name\" content=\"Envican Kartondosen Cardboard beverage cans\" \/>\n<meta property=\"article:modified_time\" content=\"2026-01-26T12:18:58+00:00\" \/>\n<meta name=\"twitter:card\" content=\"summary_large_image\" \/>\n<meta name=\"twitter:label1\" content=\"Est. reading time\" \/>\n\t<meta name=\"twitter:data1\" content=\"3 minutes\" \/>\n<script type=\"application\/ld+json\" class=\"yoast-schema-graph\">{\"@context\":\"https:\\\/\\\/schema.org\",\"@graph\":[{\"@type\":\"WebPage\",\"@id\":\"https:\\\/\\\/envican.com\\\/en\\\/sustainability-2\\\/\",\"url\":\"https:\\\/\\\/envican.com\\\/en\\\/sustainability-2\\\/\",\"name\":\"Sustainability - Envican Kartondosen Cardboard beverage cans\",\"isPartOf\":{\"@id\":\"https:\\\/\\\/envican.com\\\/en\\\/#website\"},\"datePublished\":\"2025-03-11T13:08:20+00:00\",\"dateModified\":\"2026-01-26T12:18:58+00:00\",\"breadcrumb\":{\"@id\":\"https:\\\/\\\/envican.com\\\/en\\\/sustainability-2\\\/#breadcrumb\"},\"inLanguage\":\"en-US\",\"potentialAction\":[{\"@type\":\"ReadAction\",\"target\":[\"https:\\\/\\\/envican.com\\\/en\\\/sustainability-2\\\/\"]}]},{\"@type\":\"BreadcrumbList\",\"@id\":\"https:\\\/\\\/envican.com\\\/en\\\/sustainability-2\\\/#breadcrumb\",\"itemListElement\":[{\"@type\":\"ListItem\",\"position\":1,\"name\":\"Home\",\"item\":\"https:\\\/\\\/envican.com\\\/en\\\/start-en\\\/\"},{\"@type\":\"ListItem\",\"position\":2,\"name\":\"Sustainability\"}]},{\"@type\":\"WebSite\",\"@id\":\"https:\\\/\\\/envican.com\\\/en\\\/#website\",\"url\":\"https:\\\/\\\/envican.com\\\/en\\\/\",\"name\":\"Envican Kartondosen Cardboard beverage cans\",\"description\":\"green technology for packaging\",\"publisher\":{\"@id\":\"https:\\\/\\\/envican.com\\\/en\\\/#organization\"},\"alternateName\":\"ENVICAN Kartondosen\",\"potentialAction\":[{\"@type\":\"SearchAction\",\"target\":{\"@type\":\"EntryPoint\",\"urlTemplate\":\"https:\\\/\\\/envican.com\\\/en\\\/?s={search_term_string}\"},\"query-input\":{\"@type\":\"PropertyValueSpecification\",\"valueRequired\":true,\"valueName\":\"search_term_string\"}}],\"inLanguage\":\"en-US\"},{\"@type\":\"Organization\",\"@id\":\"https:\\\/\\\/envican.com\\\/en\\\/#organization\",\"name\":\"Envican Kartondosen Cardboard beverage cans\",\"alternateName\":\"ENVICAN Dosen aus Karton f\u00fcr kohlens\u00e4urehaltige Getr\u00e4nke\",\"url\":\"https:\\\/\\\/envican.com\\\/en\\\/\",\"logo\":{\"@type\":\"ImageObject\",\"inLanguage\":\"en-US\",\"@id\":\"https:\\\/\\\/envican.com\\\/en\\\/#\\\/schema\\\/logo\\\/image\\\/\",\"url\":\"https:\\\/\\\/envican.com\\\/wp-content\\\/uploads\\\/2025\\\/02\\\/Logo-72dpi-rgb-r-WS-e1740416368287.png\",\"contentUrl\":\"https:\\\/\\\/envican.com\\\/wp-content\\\/uploads\\\/2025\\\/02\\\/Logo-72dpi-rgb-r-WS-e1740416368287.png\",\"width\":472,\"height\":129,\"caption\":\"Envican Kartondosen Cardboard beverage cans\"},\"image\":{\"@id\":\"https:\\\/\\\/envican.com\\\/en\\\/#\\\/schema\\\/logo\\\/image\\\/\"}}]}<\/script>\n<!-- \/ Yoast SEO plugin. -->","yoast_head_json":{"title":"Sustainability - Envican Kartondosen Cardboard beverage cans","robots":{"index":"index","follow":"follow","max-snippet":"max-snippet:-1","max-image-preview":"max-image-preview:large","max-video-preview":"max-video-preview:-1"},"canonical":"https:\/\/envican.com\/en\/sustainability-2\/","og_locale":"en_US","og_type":"article","og_title":"Sustainability - Envican Kartondosen Cardboard beverage cans","og_url":"https:\/\/envican.com\/en\/sustainability-2\/","og_site_name":"Envican Kartondosen Cardboard beverage cans","article_modified_time":"2026-01-26T12:18:58+00:00","twitter_card":"summary_large_image","twitter_misc":{"Est. reading time":"3 minutes"},"schema":{"@context":"https:\/\/schema.org","@graph":[{"@type":"WebPage","@id":"https:\/\/envican.com\/en\/sustainability-2\/","url":"https:\/\/envican.com\/en\/sustainability-2\/","name":"Sustainability - Envican Kartondosen Cardboard beverage cans","isPartOf":{"@id":"https:\/\/envican.com\/en\/#website"},"datePublished":"2025-03-11T13:08:20+00:00","dateModified":"2026-01-26T12:18:58+00:00","breadcrumb":{"@id":"https:\/\/envican.com\/en\/sustainability-2\/#breadcrumb"},"inLanguage":"en-US","potentialAction":[{"@type":"ReadAction","target":["https:\/\/envican.com\/en\/sustainability-2\/"]}]},{"@type":"BreadcrumbList","@id":"https:\/\/envican.com\/en\/sustainability-2\/#breadcrumb","itemListElement":[{"@type":"ListItem","position":1,"name":"Home","item":"https:\/\/envican.com\/en\/start-en\/"},{"@type":"ListItem","position":2,"name":"Sustainability"}]},{"@type":"WebSite","@id":"https:\/\/envican.com\/en\/#website","url":"https:\/\/envican.com\/en\/","name":"Envican Kartondosen Cardboard beverage cans","description":"green technology for packaging","publisher":{"@id":"https:\/\/envican.com\/en\/#organization"},"alternateName":"ENVICAN Kartondosen","potentialAction":[{"@type":"SearchAction","target":{"@type":"EntryPoint","urlTemplate":"https:\/\/envican.com\/en\/?s={search_term_string}"},"query-input":{"@type":"PropertyValueSpecification","valueRequired":true,"valueName":"search_term_string"}}],"inLanguage":"en-US"},{"@type":"Organization","@id":"https:\/\/envican.com\/en\/#organization","name":"Envican Kartondosen Cardboard beverage cans","alternateName":"ENVICAN Dosen aus Karton f\u00fcr kohlens\u00e4urehaltige Getr\u00e4nke","url":"https:\/\/envican.com\/en\/","logo":{"@type":"ImageObject","inLanguage":"en-US","@id":"https:\/\/envican.com\/en\/#\/schema\/logo\/image\/","url":"https:\/\/envican.com\/wp-content\/uploads\/2025\/02\/Logo-72dpi-rgb-r-WS-e1740416368287.png","contentUrl":"https:\/\/envican.com\/wp-content\/uploads\/2025\/02\/Logo-72dpi-rgb-r-WS-e1740416368287.png","width":472,"height":129,"caption":"Envican Kartondosen Cardboard beverage cans"},"image":{"@id":"https:\/\/envican.com\/en\/#\/schema\/logo\/image\/"}}]}},"_links":{"self":[{"href":"https:\/\/envican.com\/en\/wp-json\/wp\/v2\/pages\/5878","targetHints":{"allow":["GET"]}}],"collection":[{"href":"https:\/\/envican.com\/en\/wp-json\/wp\/v2\/pages"}],"about":[{"href":"https:\/\/envican.com\/en\/wp-json\/wp\/v2\/types\/page"}],"author":[{"embeddable":true,"href":"https:\/\/envican.com\/en\/wp-json\/wp\/v2\/users\/2"}],"replies":[{"embeddable":true,"href":"https:\/\/envican.com\/en\/wp-json\/wp\/v2\/comments?post=5878"}],"version-history":[{"count":15,"href":"https:\/\/envican.com\/en\/wp-json\/wp\/v2\/pages\/5878\/revisions"}],"predecessor-version":[{"id":7476,"href":"https:\/\/envican.com\/en\/wp-json\/wp\/v2\/pages\/5878\/revisions\/7476"}],"wp:attachment":[{"href":"https:\/\/envican.com\/en\/wp-json\/wp\/v2\/media?parent=5878"}],"curies":[{"name":"wp","href":"https:\/\/api.w.org\/{rel}","templated":true}]}}