{"id":7393,"date":"2025-12-10T14:06:43","date_gmt":"2025-12-10T13:06:43","guid":{"rendered":"https:\/\/envican.com\/?page_id=7393"},"modified":"2025-12-10T14:11:26","modified_gmt":"2025-12-10T13:11:26","slug":"application-technician-for-filling-systems","status":"publish","type":"page","link":"https:\/\/envican.com\/en\/application-technician-for-filling-systems\/","title":{"rendered":"Application Technician for Filling Systems"},"content":{"rendered":"<style type=\"text\/css\"> \n#cmsms_row_69f39418ac21a .cmsms_row_outer_parent { \n\tpadding-top: 50px; \n} \n\n#cmsms_row_69f39418ac21a .cmsms_row_outer_parent { \n\tpadding-bottom: 0px; \n} \n\n \n#cmsms_heading_69f39418ac733, #cmsms_heading_69f39418ac733 a { \n\tfont-size:28px; \n\ttext-align:left; \n\tfont-weight:400; \n\tfont-style:normal; \n\tmargin-top:0px; \n\tmargin-bottom:20px; \n} \n \n#cmsms_divider_69f39418ac97a { \n\tpadding-top:20px; \n\tmargin-bottom:20px; \n} \n\n#cmsms_button_69f39418aca33 { \n\ttext-align:center; \n} \n\n#cmsms_button_69f39418aca33 .cmsms_button:before { \n\tmargin-right:.5em; \n\tmargin-left:0; \n\tvertical-align:baseline; \n} \n\n#cmsms_button_69f39418aca33 .cmsms_button { \n\tfont-weight:100; \n\tfont-style:normal; \n\tpadding-right:20px; \n\tpadding-left:20px; \n\tbackground-color:#005408; \n} \n#cmsms_button_69f39418aca33 .cmsms_button:hover { \n} \n \n#cmsms_divider_69f39418aca68 { \n\tpadding-top:20px; \n\tmargin-bottom:20px; \n} \n<\/style><div id=\"cmsms_row_69f39418ac21a\" class=\"cmsms_row cmsms_color_scheme_default\">\n<div class=\"cmsms_row_outer_parent\">\n<div class=\"cmsms_row_outer\">\n<div class=\"cmsms_row_inner\">\n<div class=\"cmsms_row_margin\">\n<div class=\"cmsms_column one_half\">\n<div class=\"cmsms_img  cmsms_image_n\" data-animation=\"fadeInLeft\" data-delay=\"0\">\n<img decoding=\"async\" src=\"https:\/\/envican.com\/wp-content\/uploads\/2024\/04\/jobs-1.jpg\" \/>\n<\/div>\n<\/div>\n<div class=\"cmsms_column one_half\">\n<h1 id=\"cmsms_heading_69f39418ac733\" class=\"cmsms_heading\">WORK WITH US ON A GREEN FUTURE!<\/h1><div class=\"cmsms_text\">\n<h4>Envican is a young, innovative and internationally active company that develops and produces innovative, environmentally friendly and sustainable beverage packaging. The upcoming expansion is being planned and managed at the company&#8217;s headquarters in Switzerland (Sennhof). Envican is looking for a:<br \/>\nApplication Technician (Filling Systems) m\/f\/d 80-100%<br \/>\nApplication Technician for Filling Systems<\/h4>\n<\/div>\n<\/div>\n<\/div>\n<\/div>\n<\/div>\n<\/div>\n<\/div>\n<div id=\"cmsms_row_69f39418ac7af\" class=\"cmsms_row cmsms_color_scheme_default\">\n<div class=\"cmsms_row_outer_parent\">\n<div class=\"cmsms_row_outer\">\n<div class=\"cmsms_row_inner\">\n<div class=\"cmsms_row_margin\">\n<div class=\"cmsms_column one_first\">\n<div id=\"cmsms_divider_69f39418ac97a\" class=\"cl\"><\/div>\n<div class=\"cmsms_text\">\n<h1><strong>Application Technician (Filling Systems) m\/f\/d 80-100%<br \/>\nApplication Technician for Filling Systems<br \/>\n<\/strong><\/h1>\n<h4><strong>Purpose of the position:<br \/>\nThe Application Technician for Filling Systems is responsible for the technical support, adaptation and optimisation of filling processes at the customer&#8217;s site for customer projects.<br \/>\nHe ensures that ENVICAN products can be filled efficiently, safely and to a high standard of quality in accordance with specifications.<br \/>\nTo this end, they analyse existing filling systems in advance, identify any necessary adjustments to the system, coordinate these with the responsible parties (external) and then implement them.<br \/>\n<\/strong><\/h4>\n<h4>\u2022 Technical management of customer projects<br \/>\n\u2022 Ensuring that new or existing products can be filled efficiently and without errors<br \/>\n\u2022 Contributing to the continuous improvement of systems and processes at the filler&#8217;s site.<br \/>\n\u2022 Minimising downtime and optimising line performance<br \/>\n\u2022 Increasing customer satisfaction through professional technical support and increasing Envican&#8217;s product market penetration in existing filling lines.<\/h4>\n<h4><strong>You have:<\/strong><\/h4>\n<h4>\u2022 Completed training or degree (e.g. mechanic, food technologist, plant or packaging engineer)<br \/>\n\u2022 Experience in filling or packaging technology, brewery or beverage technology<br \/>\n\u2022 Knowledge of beverage production (e.g. carbonation, brewing process, etc.)<br \/>\n\u2022 Experience in production, laboratory, application engineering or technical customer support<br \/>\n\u2022 Knowledge of machine control systems, sensor technology, measurement technology and process optimisation<br \/>\n\u2022 Understanding of different product properties (viscosity, temperature, sensitivity, etc.)<br \/>\n\u2022 Confident handling of technical documentation<br \/>\n\u2022 You are a team player and a flexible personality with a hands-on mentality, high quality standards and a strong service orientation, as well as organisational skills<br \/>\n\u2022 You communicate flawlessly in German, both in writing and verbally, and enjoy approaching other people with your friendly manner<br \/>\n\u2022 You have a good command of written and spoken English; other languages are an advantage<br \/>\n\u2022 Even under time pressure, you have the ability to work precisely and in a structured manner, to demonstrate strong implementation skills and to set clear priorities<br \/>\n\u2022 You are a responsible employee and are interested in continuous development<\/h4>\n<h4><strong>Place of work:<\/strong><\/h4>\n<h4>\u2022 Partly at the customer&#8217;s site (national\/international)<br \/>\n\u2022 Partly at the factory or office for preparations, documentation and internal coordination<\/h4>\n<h4><strong>We offer you:<\/strong><\/h4>\n<h4>\u2022 You will be part of a global innovation in the field of sustainable packaging solutions in a company with promising future prospects.<br \/>\n\u2022 Exciting and meaningful projects and tasks await you, with opportunities for development and scope for your own ideas and independent work.<br \/>\n\u2022 A great team. We are a young company with currently around 20 motivated employees.<br \/>\n\u2022 Careful training in your new tasks.<\/h4>\n<h4>Are you looking for a meaningful job with good career prospects? Are you a cheerful, flexible and adaptable person who would like to work in an innovative and exciting environment? Then send us your detailed application by email to: Daniel Baumgartner, Head of HR, <a href=\"mailto:hr@envican.com\"><strong>hr@envican.com<\/strong><\/a><\/h4>\n<\/div>\n\n<div id=\"cmsms_button_69f39418aca33\" class=\"button_wrap\"><a href=\"https:\/\/envican.com\/en\/career\/\" class=\"cmsms_button\">Career<\/a><\/div>\n<div id=\"cmsms_divider_69f39418aca68\" class=\"cl\"><\/div><div class=\"cmsms_text\">\n<p><\/p>\n<\/div>\n<div class=\"cmsms_text\">\n<h3><strong>\u00a0<\/strong><\/h3>\n<\/div>\n<\/div>\n<\/div>\n<\/div>\n<\/div>\n<\/div>\n<\/div>\n\n","protected":false},"excerpt":{"rendered":"","protected":false},"author":2,"featured_media":0,"parent":0,"menu_order":0,"comment_status":"closed","ping_status":"closed","template":"","meta":{"_acf_changed":false,"footnotes":""},"class_list":["post-7393","page","type-page","status-publish","hentry"],"acf":[],"yoast_head":"<!-- This site is optimized with the Yoast SEO plugin v27.5 - https:\/\/yoast.com\/product\/yoast-seo-wordpress\/ -->\n<title>Application Technician for Filling Systems - Envican Kartondosen Cardboard beverage cans<\/title>\n<meta name=\"robots\" content=\"index, follow, max-snippet:-1, max-image-preview:large, max-video-preview:-1\" \/>\n<link rel=\"canonical\" href=\"https:\/\/envican.com\/en\/application-technician-for-filling-systems\/\" \/>\n<meta property=\"og:locale\" content=\"en_US\" \/>\n<meta property=\"og:type\" content=\"article\" \/>\n<meta property=\"og:title\" content=\"Application Technician for Filling Systems - Envican Kartondosen Cardboard beverage cans\" \/>\n<meta property=\"og:url\" content=\"https:\/\/envican.com\/en\/application-technician-for-filling-systems\/\" \/>\n<meta property=\"og:site_name\" content=\"Envican Kartondosen Cardboard beverage cans\" \/>\n<meta property=\"article:modified_time\" content=\"2025-12-10T13:11:26+00:00\" \/>\n<meta name=\"twitter:card\" content=\"summary_large_image\" \/>\n<meta name=\"twitter:label1\" content=\"Est. reading time\" \/>\n\t<meta name=\"twitter:data1\" content=\"4 minutes\" \/>\n<script type=\"application\/ld+json\" class=\"yoast-schema-graph\">{\"@context\":\"https:\\\/\\\/schema.org\",\"@graph\":[{\"@type\":\"WebPage\",\"@id\":\"https:\\\/\\\/envican.com\\\/en\\\/application-technician-for-filling-systems\\\/\",\"url\":\"https:\\\/\\\/envican.com\\\/en\\\/application-technician-for-filling-systems\\\/\",\"name\":\"Application Technician for Filling Systems - Envican Kartondosen Cardboard beverage cans\",\"isPartOf\":{\"@id\":\"https:\\\/\\\/envican.com\\\/en\\\/#website\"},\"datePublished\":\"2025-12-10T13:06:43+00:00\",\"dateModified\":\"2025-12-10T13:11:26+00:00\",\"breadcrumb\":{\"@id\":\"https:\\\/\\\/envican.com\\\/en\\\/application-technician-for-filling-systems\\\/#breadcrumb\"},\"inLanguage\":\"en-US\",\"potentialAction\":[{\"@type\":\"ReadAction\",\"target\":[\"https:\\\/\\\/envican.com\\\/en\\\/application-technician-for-filling-systems\\\/\"]}]},{\"@type\":\"BreadcrumbList\",\"@id\":\"https:\\\/\\\/envican.com\\\/en\\\/application-technician-for-filling-systems\\\/#breadcrumb\",\"itemListElement\":[{\"@type\":\"ListItem\",\"position\":1,\"name\":\"Home\",\"item\":\"https:\\\/\\\/envican.com\\\/en\\\/start-en\\\/\"},{\"@type\":\"ListItem\",\"position\":2,\"name\":\"Application Technician for Filling Systems\"}]},{\"@type\":\"WebSite\",\"@id\":\"https:\\\/\\\/envican.com\\\/en\\\/#website\",\"url\":\"https:\\\/\\\/envican.com\\\/en\\\/\",\"name\":\"Envican Kartondosen Cardboard beverage cans\",\"description\":\"green technology for packaging\",\"publisher\":{\"@id\":\"https:\\\/\\\/envican.com\\\/en\\\/#organization\"},\"alternateName\":\"ENVICAN Kartondosen\",\"potentialAction\":[{\"@type\":\"SearchAction\",\"target\":{\"@type\":\"EntryPoint\",\"urlTemplate\":\"https:\\\/\\\/envican.com\\\/en\\\/?s={search_term_string}\"},\"query-input\":{\"@type\":\"PropertyValueSpecification\",\"valueRequired\":true,\"valueName\":\"search_term_string\"}}],\"inLanguage\":\"en-US\"},{\"@type\":\"Organization\",\"@id\":\"https:\\\/\\\/envican.com\\\/en\\\/#organization\",\"name\":\"Envican Kartondosen Cardboard beverage cans\",\"alternateName\":\"ENVICAN Dosen aus Karton f\u00fcr kohlens\u00e4urehaltige Getr\u00e4nke\",\"url\":\"https:\\\/\\\/envican.com\\\/en\\\/\",\"logo\":{\"@type\":\"ImageObject\",\"inLanguage\":\"en-US\",\"@id\":\"https:\\\/\\\/envican.com\\\/en\\\/#\\\/schema\\\/logo\\\/image\\\/\",\"url\":\"https:\\\/\\\/envican.com\\\/wp-content\\\/uploads\\\/2025\\\/02\\\/Logo-72dpi-rgb-r-WS-e1740416368287.png\",\"contentUrl\":\"https:\\\/\\\/envican.com\\\/wp-content\\\/uploads\\\/2025\\\/02\\\/Logo-72dpi-rgb-r-WS-e1740416368287.png\",\"width\":472,\"height\":129,\"caption\":\"Envican Kartondosen Cardboard beverage cans\"},\"image\":{\"@id\":\"https:\\\/\\\/envican.com\\\/en\\\/#\\\/schema\\\/logo\\\/image\\\/\"}}]}<\/script>\n<!-- \/ Yoast SEO plugin. -->","yoast_head_json":{"title":"Application Technician for Filling Systems - Envican Kartondosen Cardboard beverage cans","robots":{"index":"index","follow":"follow","max-snippet":"max-snippet:-1","max-image-preview":"max-image-preview:large","max-video-preview":"max-video-preview:-1"},"canonical":"https:\/\/envican.com\/en\/application-technician-for-filling-systems\/","og_locale":"en_US","og_type":"article","og_title":"Application Technician for Filling Systems - Envican Kartondosen Cardboard beverage cans","og_url":"https:\/\/envican.com\/en\/application-technician-for-filling-systems\/","og_site_name":"Envican Kartondosen Cardboard beverage cans","article_modified_time":"2025-12-10T13:11:26+00:00","twitter_card":"summary_large_image","twitter_misc":{"Est. reading time":"4 minutes"},"schema":{"@context":"https:\/\/schema.org","@graph":[{"@type":"WebPage","@id":"https:\/\/envican.com\/en\/application-technician-for-filling-systems\/","url":"https:\/\/envican.com\/en\/application-technician-for-filling-systems\/","name":"Application Technician for Filling Systems - Envican Kartondosen Cardboard beverage cans","isPartOf":{"@id":"https:\/\/envican.com\/en\/#website"},"datePublished":"2025-12-10T13:06:43+00:00","dateModified":"2025-12-10T13:11:26+00:00","breadcrumb":{"@id":"https:\/\/envican.com\/en\/application-technician-for-filling-systems\/#breadcrumb"},"inLanguage":"en-US","potentialAction":[{"@type":"ReadAction","target":["https:\/\/envican.com\/en\/application-technician-for-filling-systems\/"]}]},{"@type":"BreadcrumbList","@id":"https:\/\/envican.com\/en\/application-technician-for-filling-systems\/#breadcrumb","itemListElement":[{"@type":"ListItem","position":1,"name":"Home","item":"https:\/\/envican.com\/en\/start-en\/"},{"@type":"ListItem","position":2,"name":"Application Technician for Filling Systems"}]},{"@type":"WebSite","@id":"https:\/\/envican.com\/en\/#website","url":"https:\/\/envican.com\/en\/","name":"Envican Kartondosen Cardboard beverage cans","description":"green technology for packaging","publisher":{"@id":"https:\/\/envican.com\/en\/#organization"},"alternateName":"ENVICAN Kartondosen","potentialAction":[{"@type":"SearchAction","target":{"@type":"EntryPoint","urlTemplate":"https:\/\/envican.com\/en\/?s={search_term_string}"},"query-input":{"@type":"PropertyValueSpecification","valueRequired":true,"valueName":"search_term_string"}}],"inLanguage":"en-US"},{"@type":"Organization","@id":"https:\/\/envican.com\/en\/#organization","name":"Envican Kartondosen Cardboard beverage cans","alternateName":"ENVICAN Dosen aus Karton f\u00fcr kohlens\u00e4urehaltige Getr\u00e4nke","url":"https:\/\/envican.com\/en\/","logo":{"@type":"ImageObject","inLanguage":"en-US","@id":"https:\/\/envican.com\/en\/#\/schema\/logo\/image\/","url":"https:\/\/envican.com\/wp-content\/uploads\/2025\/02\/Logo-72dpi-rgb-r-WS-e1740416368287.png","contentUrl":"https:\/\/envican.com\/wp-content\/uploads\/2025\/02\/Logo-72dpi-rgb-r-WS-e1740416368287.png","width":472,"height":129,"caption":"Envican Kartondosen Cardboard beverage cans"},"image":{"@id":"https:\/\/envican.com\/en\/#\/schema\/logo\/image\/"}}]}},"_links":{"self":[{"href":"https:\/\/envican.com\/en\/wp-json\/wp\/v2\/pages\/7393","targetHints":{"allow":["GET"]}}],"collection":[{"href":"https:\/\/envican.com\/en\/wp-json\/wp\/v2\/pages"}],"about":[{"href":"https:\/\/envican.com\/en\/wp-json\/wp\/v2\/types\/page"}],"author":[{"embeddable":true,"href":"https:\/\/envican.com\/en\/wp-json\/wp\/v2\/users\/2"}],"replies":[{"embeddable":true,"href":"https:\/\/envican.com\/en\/wp-json\/wp\/v2\/comments?post=7393"}],"version-history":[{"count":3,"href":"https:\/\/envican.com\/en\/wp-json\/wp\/v2\/pages\/7393\/revisions"}],"predecessor-version":[{"id":7398,"href":"https:\/\/envican.com\/en\/wp-json\/wp\/v2\/pages\/7393\/revisions\/7398"}],"wp:attachment":[{"href":"https:\/\/envican.com\/en\/wp-json\/wp\/v2\/media?parent=7393"}],"curies":[{"name":"wp","href":"https:\/\/api.w.org\/{rel}","templated":true}]}}